{"id":3,"date":"2024-03-14T18:18:32","date_gmt":"2024-03-14T18:18:32","guid":{"rendered":"https:\/\/petrikiene.com\/?page_id=3"},"modified":"2025-04-05T18:17:59","modified_gmt":"2025-04-05T18:17:59","slug":"privatumo-politika","status":"publish","type":"page","link":"https:\/\/petrikiene.com\/en\/privatumo-politika\/","title":{"rendered":"Privacy policy"},"content":{"rendered":"<p><div class=\"fusion-fullwidth fullwidth-box fusion-builder-row-1 fusion-flex-container has-pattern-background has-mask-background hundred-percent-fullwidth non-hundred-percent-height-scrolling\" style=\"--awb-border-radius-top-left:0px;--awb-border-radius-top-right:0px;--awb-border-radius-bottom-right:0px;--awb-border-radius-bottom-left:0px;--awb-padding-top:30px;--awb-padding-right:80px;--awb-padding-left:131px;--awb-padding-left-small:24px;--awb-margin-top:0px;--awb-margin-bottom:60px;--awb-margin-bottom-small:0px;--awb-flex-wrap:wrap;\" ><div class=\"fusion-builder-row fusion-row fusion-flex-align-items-flex-start fusion-flex-content-wrap\" style=\"width:104% !important;max-width:104% !important;margin-left: calc(-4% \/ 2 );margin-right: calc(-4% \/ 2 );\"><div class=\"fusion-layout-column fusion_builder_column fusion-builder-column-0 fusion_builder_column_1_1 1_1 fusion-flex-column fusion-flex-align-self-center\" style=\"--awb-bg-size:cover;--awb-width-large:100%;--awb-margin-top-large:0px;--awb-spacing-right-large:0%;--awb-margin-bottom-large:0px;--awb-spacing-left-large:0%;--awb-width-medium:100%;--awb-order-medium:0;--awb-spacing-right-medium:0%;--awb-spacing-left-medium:0%;--awb-width-small:100%;--awb-order-small:0;--awb-spacing-right-small:1.92%;--awb-spacing-left-small:1.92%;\" data-scroll-devices=\"small-visibility,medium-visibility,large-visibility\"><div class=\"fusion-column-wrapper fusion-column-has-shadow fusion-flex-justify-content-flex-start fusion-content-layout-row fusion-flex-align-items-center\"><div class=\"fusion-image-element\" style=\"text-align:center;--awb-margin-top:12px;--awb-max-width:89px;--awb-caption-title-font-family:var(--h2_typography-font-family);--awb-caption-title-font-weight:var(--h2_typography-font-weight);--awb-caption-title-font-style:var(--h2_typography-font-style);--awb-caption-title-size:var(--h2_typography-font-size);--awb-caption-title-transform:var(--h2_typography-text-transform);--awb-caption-title-line-height:var(--h2_typography-line-height);--awb-caption-title-letter-spacing:var(--h2_typography-letter-spacing);\"><span class=\"fusion-imageframe imageframe-none imageframe-1 hover-type-none\"><img decoding=\"async\" width=\"218\" height=\"2\" src=\"https:\/\/petrikiene.com\/wp-content\/uploads\/2024\/05\/Line-18.png\" data-orig-src=\"https:\/\/petrikiene.com\/wp-content\/uploads\/2024\/05\/Line-18.png\" alt class=\"lazyload img-responsive wp-image-3677\" srcset=\"data:image\/svg+xml,%3Csvg%20xmlns%3D%27http%3A%2F%2Fwww.w3.org%2F2000%2Fsvg%27%20width%3D%27218%27%20height%3D%272%27%20viewBox%3D%270%200%20218%202%27%3E%3Crect%20width%3D%27218%27%20height%3D%272%27%20fill-opacity%3D%220%22%2F%3E%3C%2Fsvg%3E\" data-srcset=\"https:\/\/petrikiene.com\/wp-content\/uploads\/2024\/05\/Line-18-200x2.png 200w, https:\/\/petrikiene.com\/wp-content\/uploads\/2024\/05\/Line-18.png 218w\" data-sizes=\"auto\" data-orig-sizes=\"(max-width: 850px) 100vw, 218px\" \/><\/span><\/div><div ><a class=\"fusion-button button-flat button-large button-custom fusion-button-default button-1 fusion-button-span-no fusion-button-default-type\" style=\"--button_accent_color:var(--awb-color3);--button_accent_hover_color:#809785;--button_border_hover_color:var(--awb-color1);--button_gradient_top_color:var(--awb-color1);--button_gradient_bottom_color:var(--awb-color1);--button_gradient_top_color_hover:var(--awb-color1);--button_gradient_bottom_color_hover:var(--awb-color1);\" target=\"_self\"><span class=\"fusion-button-text awb-button__text awb-button__text--default\">Privacy policy<\/span><\/a><\/div><\/div><\/div><\/div><\/div>\n<div class=\"fusion-fullwidth fullwidth-box fusion-builder-row-2 fusion-flex-container nonhundred-percent-fullwidth non-hundred-percent-height-scrolling\" style=\"--awb-border-radius-top-left:0px;--awb-border-radius-top-right:0px;--awb-border-radius-bottom-right:0px;--awb-border-radius-bottom-left:0px;--awb-padding-right:140px;--awb-padding-left:140px;--awb-padding-right-small:0px;--awb-padding-left-small:0px;--awb-flex-wrap:wrap;\" ><div class=\"fusion-builder-row fusion-row fusion-flex-align-items-flex-start fusion-flex-content-wrap\" style=\"max-width:1372.8px;margin-left: calc(-4% \/ 2 );margin-right: calc(-4% \/ 2 );\"><div class=\"fusion-layout-column fusion_builder_column fusion-builder-column-1 fusion_builder_column_1_1 1_1 fusion-flex-column\" style=\"--awb-bg-size:cover;--awb-width-large:100%;--awb-margin-top-large:0px;--awb-spacing-right-large:0%;--awb-margin-bottom-large:0px;--awb-spacing-left-large:0%;--awb-width-medium:100%;--awb-spacing-right-medium:0%;--awb-spacing-left-medium:0%;--awb-width-small:100%;--awb-spacing-right-small:0%;--awb-spacing-left-small:0%;\"><div class=\"fusion-column-wrapper fusion-flex-justify-content-flex-start fusion-content-layout-column\"><div class=\"fusion-text fusion-text-1\"><h1><strong>Privacy policy<br \/>\n<\/strong><\/h1>\n<p><strong>BENDRA INFORMACIJA<\/strong><\/p>\n<p>Veikla vykdoma pagal Individualios veiklos pa\u017eym\u0105 nr. 1279971.<\/p>\n<p>Susipa\u017einkite su \u0161ia Privatumo politika, nes lankydamiesi internetin\u0117se svetain\u0117se\u00a0<a href=\"https:\/\/petrikiene.com\/en\/\">www.petrikiene.com<\/a>\u00a0ir\u00a0<a href=\"http:\/\/www.esusalia.lt\/\">www.esusalia.lt<\/a>\u00a0ir naudodamiesi teikiamomis paslaugomis, J\u016bs sutinkate su \u0161ia Privatumo politika bei paslaug\u0173 teikimo s\u0105lygomis. Jeigu J\u016bs nesutinkate su Paslaug\u0173 teikimo s\u0105lygomis ir\/ar \u0161ia Privatumo politika, pra\u0161ome nesilankyti internetin\u0117se svetain\u0117se\u00a0<a href=\"https:\/\/petrikiene.com\/en\/\">www.petrikiene.com<\/a>\u00a0ir\u00a0<a href=\"http:\/\/www.esusalia.lt\/\">www.esusalia.lt<\/a>, nesinaudoti \u0161i\u0173 internetini\u0173 svetaini\u0173 turiniu ir\/ar paslaugomis.<\/p>\n<p><em>Asmenys, pateikiantys savo asmens duomenis (\u012fskaitant tuos duomenis, kuriuos tiesiogiai ar netiesiogiai pateikia lankydamiesi auk\u0161\u010diau nurodytose internetin\u0117se svetain\u0117se ir naudodamiesi paslaugomis), sutinka ir neprie\u0161tarauja, kad Duomen\u0173 valdytojas juos valdyt\u0173 ir tvarkyt\u0173 \u0161ioje Privatumo politikoje bei teis\u0117s aktuose numatytais tikslais ir tvarka.<br \/>\n<\/em><br \/>\nJ\u016bs\u0173 privatumas mums yra svarbus, tad \u012fsipareigojame pateiktus duomenis tvarkyti tiksliai, s\u0105\u017einingai ir teis\u0117tai.<\/p>\n<p><strong>Visais su asmens duomen\u0173 tvarkymu susijusiais klausimais galite kreiptis:\u00a0<\/strong><a href=\"mailto:info@petrikiene.com\"><strong>info@petrikiene.com<\/strong><\/a><\/p>\n<p><strong>KAIP GAUNAME J\u016aS\u0172 ASMENS DUOMENIS?<\/strong><\/p>\n<p>Beveik visais atvejais mes tvarkome tik J\u016bs\u0173 pa\u010di\u0173 mums pateiktus asmens duomenis,\u00a0 kai naudojat\u0117s m\u016bs\u0173 interneto svetaini\u0173 paslaugomis. Papildomi duomenys gali b\u016bti generuojami paslaugos teikimo metu, pavyzd\u017eiui kreipiantis \u012f mus nurodytais kontaktais, rezervuojant paslaugas Booking Moizmo platformoje ir pan.<\/p>\n<p>Asmens duomen\u0173 apimtis, tai, k\u0105 mes renkame ir tvarkome, priklauso nuo J\u016bs\u0173 naudojam\u0173 paslaug\u0173 ir to, koki\u0105 informacij\u0105 pateikiate. J\u016bs neprivalote pateikti joki\u0173 asmens duomen\u0173, ta\u010diau gali b\u016bti, kad tokiu atveju negal\u0117sime jums suteikti paslaug\u0173.<\/p>\n<p><strong>KOKIUS J\u016aS\u0172 DUOMENIS TVARKOME IR KOD\u0116L?<\/strong><\/p>\n<p>Duomenis tvarkome tik esant teis\u0117to tvarkymo kriterijui:<br \/>\n\u2013\u00a0siekiant u\u017etikrinti paslaug\u0173 teikim\u0105 ir sutartini\u0173 \u012fsipareigojim\u0173 vykdym\u0105;<br \/>\n\u2013 asmens sutikimu;<br \/>\n\u2013 kai tvarkyti asmens duomenis mus \u012fpareigoja atitinkami teis\u0117s aktai;<br \/>\n\u2013 kai asmens duomenis reikia tvarkyti d\u0117l m\u016bs\u0173 ar tre\u010dio asmens teis\u0117to intereso.<\/p>\n<p>Asmenin\u0119 informacij\u0105 (vard\u0105, pavard\u0119, el.pa\u0161t\u0105, telefono numer\u012f) pra\u0161oma nurodyti tik pateikiant u\u017esakym\u0105 perkant paslaugas ar prekes auk\u0161\u010diau nurodytose elektronin\u0117se parduotuv\u0117se.<\/p>\n<p>\u012esipareigoja saugoti pirk\u0117jo asmens duomenis nuo tre\u010di\u0173j\u0173 asmen\u0173, i\u0161skyrus tuos atvejus, kai informacija yra b\u016btina partneriui, teikian\u010diam paslaug\u0173 rezervavimo, preki\u0173 pristatymo ar kitas, su pirk\u0117jo u\u017esakymo tinkamu \u012fvykdymu susijusias, paslaugas. Visais kitais atvejais pirk\u0117jo asmens duomenys tretiesiems asmenims gali b\u016bti atskleid\u017eiami tik Lietuvos Respublikos teis\u0117s akt\u0173 numatytais atvejais ir tvarka.<\/p>\n<p><strong>S\u0104VOK\u0172 APIBR\u0116\u017dIMAI<\/strong><\/p>\n<p><strong>\u201eBesikreipiantis asmuo\u201c<\/strong>\u00a0\u2013 fizinis asmuo ar juridinis asmuo, besidomintis Duomen\u0173 valdytojo teikiamomis paslaugomis ar norintis susisiekti su Duomen\u0173 valdytoju kitais klausimais.<\/p>\n<p><strong>\u201ePirk\u0117jas\u201c<\/strong>\u00a0\u2013 asmuo, \u012fsigij\u0119s preki\u0173, paslaug\u0173 i\u0161 Duomen\u0173 valdytojo arba sudar\u0119s sutart\u012f su Duomen\u0173 valdytoju d\u0117l psichologini\u0173 konsultacij\u0173, hipnoterapijos, paskait\u0173 ar seminar\u0173, mokym\u0173.<\/p>\n<p><strong>\u201eSkambinantysis telefonu\u201c\u00a0<\/strong>\u2013 asmuo, skambinantis internetin\u0117se svetain\u0117se (<a href=\"http:\/\/www.esusalia.lt\/\">www.esusalia.lt<\/a>,\u00a0<a href=\"https:\/\/petrikiene.com\/en\/\">www.petrikiene.com<\/a>) nurodytu kontaktiniu telefonu d\u0117l Duomen\u0173 valdytojo paslaug\u0173 teikimo ir\/ar kitais klausimais.<\/p>\n<p><strong>\u201eU\u017esiregistrav\u0119s internetu\u201c<\/strong>\u00a0\u2013 asmuo, norintis gauti paslaugas ir u\u017esiregistrav\u0119s internetin\u0117se svetain\u0117se (<a href=\"http:\/\/www.esusalia.lt\/\">www.esusalia.lt<\/a>,\u00a0<a href=\"https:\/\/petrikiene.com\/en\/\">www.petrikiene.com<\/a>) nurodytu b\u016bdu.<\/p>\n<p>Duomen\u0173 valdytojas asmens duomenis rinks laikantis galiojan\u010di\u0173 Europos S\u0105jungos bei Lietuvos Respublikos teis\u0117s akt\u0173 reikalavim\u0173 bei kontroliuojan\u010di\u0173 institucij\u0173 nurodym\u0173. Taikomos visos protingos technin\u0117s ir administracin\u0117s priemon\u0117s tam, kad surinkti duomenys apie Duomen\u0173 subjektus b\u016bt\u0173 apsaugomi nuo praradimo, neleistino naudojimo ir pakeitim\u0173.<\/p>\n<p><em>Asmenys iki 16 met<\/em><em>\u0173,\u00a0<\/em><em>prie\u0161 pateikdami asmenin\u0119 informacij\u0105 internetin\u0117se svetain\u0117se (<\/em><a href=\"http:\/\/www.esusalia.lt\/\"><em>www.esusalia.lt<\/em><\/a><em>,\u00a0<\/em><a href=\"https:\/\/petrikiene.com\/en\/\"><em>www.petrikiene.com<\/em><\/a><em>), turi gauti savo t\u0117v\u0173 arba kit\u0173 teis\u0117t\u0173 glob\u0117j\u0173 sutikim\u0105.<\/em><\/p>\n<p><strong>KAI NAR\u0160OTE M\u016aS\u0172 INTERNETO SVETAIN\u0116JE<\/strong><\/p>\n<p>Siekdami u\u017etikrinti patogesn\u012f nar\u0161ym\u0105 internetin\u0117se svetain\u0117se\u00a0<a href=\"http:\/\/www.esusalia.lt\/\">www.esusalia.lt<\/a>,\u00a0<a href=\"https:\/\/petrikiene.com\/en\/\">www.petrikiene.com<\/a>, \u00a0teikti patrauklesnius pasi\u016blymus bei daugiau su\u017einoti apie svetaini\u0173 naudotoj\u0173 elgsen\u0105, analizuoti tendencijas ir tobulinti tiek svetaines, tiek ir klient\u0173 aptarnavim\u0105, mes tvarkome\u00a0<strong>apibendrintus ir nuasmenintus duomenis<\/strong>, tokius kaip IP adresas, aplankyti vidiniai puslapiai, nar\u0161ymo trukm\u0117, nar\u0161ymui naudojami \u012frenginiai ir programos, geografin\u0117 vieta, am\u017eius, lytis, kalba, bendri interesai ir pan.<\/p>\n<p>\u0160i\u0173 duomen\u0173 automatizuota analiz\u0117 bei panaudojimas pakartotin\u0117s rinkodaros tikslais atliekami naudojantis tre\u010di\u0173j\u0173 \u0161ali\u0173 (pvz., Google, Facebook) paslaugomis bei \u012frankiais (pvz., Google Analytics, Google Adwords, Google Tag Manager, Facebook Pixel).<\/p>\n<p>J\u016bs\u0173 asmens duomenys surenkami slapuk\u0173 pagalba.\u00a0<strong>Slapukai<\/strong>\u00a0(angl. \u201ecookies\u201c) \u2013 tai nedidel\u0117s tekstin\u0117s informacijos dalel\u0117s, kurios automati\u0161kai sukuriamos nar\u0161ant svetain\u0117je ir yra saugomos J\u016bs\u0173 kompiuteryje ar kitame galiniame \u012frenginyje. Jie padeda Duomen\u0173 valdytojui atpa\u017einti jus kaip ankstesn\u012f tam tikros interneto svetain\u0117s lankytoj\u0105, i\u0161saugoti j\u016bs\u0173 lankymosi svetain\u0117je istorij\u0105 ir pagal tai pritaikyti turin\u012f. I\u0161samesn\u0117 informacija apie slapukus pateikta adresu\u00a0<a href=\"http:\/\/www.allaboutcookies.org\/\">AllAboutCookies.org<\/a>.<\/p>\n<p>Jeigu nesutinkate, kad \u012f J\u016bs\u0173 kompiuter\u012f ar \u012f kit\u0105 galin\u012f \u012frengin\u012f b\u016bt\u0173 \u012fra\u0161omi slapukai, galite pakeisti savo interneto nar\u0161ykl\u0117s nustatymus ir i\u0161jungti visus slapukus arba \u012fjungti \/ i\u0161jungti juos po vien\u0105. Ta\u010diau atkreipiame d\u0117mes\u012f, kad kai kuriais atvejais tai gali sul\u0117tinti nar\u0161ymo internete spart\u0105, apriboti tam tikr\u0173 interneto svetaini\u0173 funkcij\u0173 veikim\u0105 arba blokuoti prieig\u0105 prie svetain\u0117s.<\/p>\n<p><strong>KAI SUTINKATE I\u0160 M\u016aS\u0172 GAUTI NAUJIENAS IR PASI\u016aLYMUS<br \/>\n<\/strong><br \/>\nKai m\u016bs\u0173 interneto svetain\u0117se pateikiate savo\u00a0<strong>telefono numer\u012f<\/strong>\u00a0ir\/arba\u00a0<strong>elektroninio pa\u0161to adres\u0105<\/strong>, galite sutikti arba nesutikti, kad J\u016bs\u0173 duomenys b\u016bt\u0173 naudojami tiesiogin\u0117s rinkodaros tikslais (siun\u010diami naujienlai\u0161kiai arba sms \u017einut\u0117s).<\/p>\n<p>J\u016bs\u0173 sutikimas gauti naujienas galioja\u00a0<strong>5 metus<\/strong>. Su\u0117jus \u0161iam terminui J\u016bs\u0173 duomenys bus sunaikinti arba patikimai ir neatstatomai nuasmeninti, jeigu jie nebus naudojami kitiems teis\u0117tiems tikslams.<\/p>\n<p>Savo sutikim\u0105 d\u0117l J\u016bs\u0173 duomen\u0173 naudojimo tiesiogin\u0117s rinkodaros tikslu galite bet kuriuo metu at\u0161aukti, paspausdami prenumeratos atsisakymo nuorod\u0105 i\u0161 m\u016bs\u0173 gauto naujienlai\u0161kio apa\u010dioje, arba pateikdami pra\u0161ym\u0105 adresu info@petrikiene.com<\/p>\n<p><strong>S\u0104SKAITOS FAKT\u016aROS I\u0160RA\u0160YMAS<\/strong><\/p>\n<p>Nor\u0117dami gauti s\u0105skait\u0105 fakt\u016br\u0105 u\u017e paslaugas ar prekes, turite\u00a0pateikti \u0161iuos duomenis:\u00a0<strong>vard\u0105, pavard\u0119, adres\u0105, elektroninio pa\u0161to adres\u0105, \u012fmon\u0117s rekvizitus.<\/strong><\/p>\n<p>\u0160ie duomenys yra naudojami tik s\u0105skaitos-fakt\u016bros i\u0161ra\u0161ymo tikslu, tod\u0117l bus saugomi tik m\u016bs\u0173 apskaitos programoje ir tvarkomi tiek laiko, kiek mus \u012fpareigoja t\u0105 daryti atitinkami teis\u0117s aktai.<\/p>\n<p><strong><br \/>\n<\/strong><strong>NORINT SU MUMIS SUSISIEKTI<\/strong><\/p>\n<p>Nor\u0117dami mums pateikti atsiliepim\u0105, pra\u0161ym\u0105 ar u\u017eklaus\u0105, t\u0105 galite padaryti telefonu, elektroniniu pa\u0161tu ar naudodamiesi socialiniu tinklu Facebook.<\/p>\n<p>Siekdami atsakyti \u012f J\u016bs\u0173 kreipim\u0105si mes naudojame J\u016bs\u0173 pateikt\u0105 kontaktin\u0119 informacij\u0105:\u00a0<strong>vard\u0105, pavard\u0119, telefono numer\u012f, elektroninio pa\u0161to adres\u0105, gyvenamosios vietos adres\u0105<\/strong>\u00a0ir pan.<\/p>\n<p>\u0160iuos duomenis naudojame tiek, kiek to reikia bendravimui su Jumis, ta\u010diau ne ilgiau nei\u00a0<strong>2 metus<\/strong>.<\/p>\n<p><strong>KOKIAS TEISES JUMS SUTEIKIA DUOMEN\u0172 APSAUGOS TEIS\u0116S AKTAI?<\/strong><\/p>\n<p>Turite \u0161ias teises:<\/p>\n<ol>\n<li>teis\u0119 \u017einoti (b\u016bti informuotam) apie savo asmens duomen\u0173 tvarkym\u0105;<\/li>\n<li>teis\u0119 susipa\u017einti su savo tvarkomais asmens duomenimis ir kaip jie yra tvarkomi, t. y. gauti informacij\u0105 apie asmens duomen\u0173 saugojimo laikotarp\u012f, taikomas technines ir organizacines priemones duomen\u0173 saugumui u\u017etikrinti, gauti informacij\u0105 i\u0161 koki\u0173 \u0161altini\u0173 ir kokie asmens duomenys surinkti, kokiu tikslu jie tvarkomi, kam teikiami;<\/li>\n<li>teis\u0119 reikalauti i\u0161taisyti, sunaikinti savo asmens duomenis arba sustabdyti, i\u0161skyrus saugojim\u0105, savo asmens duomen\u0173 tvarkymo veiksmus, kai duomenys tvarkomi, nesilaikant teis\u0117s akt\u0173 nuostat\u0173;<\/li>\n<li>teis\u0119 nesutikti, kad b\u016bt\u0173 tvarkomi J\u016bs\u0173 asmens duomenys, i\u0161skyrus atvejus, kai \u0161ie asmens duomenys yra tvarkomi d\u0117l teis\u0117to intereso, kurio siekiame mes arba tre\u010diasis asmuo, kuriam teikiami asmens duomenys, ir jei J\u016bs\u0173 interesai n\u0117ra svarbesni;<\/li>\n<li>teis\u0119 reikalauti, kad pateikti asmens duomenys b\u016bt\u0173 sunaikinti;<\/li>\n<li>teis\u0119 reikalauti, kad b\u016bt\u0173 apriboti asmens duomen\u0173 tvarkymo veiksmai;<\/li>\n<li>teis\u0119 reikalauti, kad tvarkomus asmens duomenis, jeigu jie tvarkomi automatizuotomis priemon\u0117mis, persi\u0173stume kitai \u0161aliai, jeigu tai yra techni\u0161kai \u012fmanoma;<\/li>\n<li>teis\u0119 pateikti skund\u0105 d\u0117l asmens duomen\u0173 tvarkymo Valstybinei duomen\u0173 apsaugos inspekcijai.<\/li>\n<\/ol>\n<p>Nor\u0117dami pasinaudoti \u0161iomis teis\u0117mis turite asmeni\u0161kai, pa\u0161tu, per pasiuntin\u012f ar elektroniniu pa\u0161tu pateikti mums ra\u0161ytin\u012f pra\u0161ym\u0105 d\u0117l J\u016bs\u0173 teisi\u0173 \u012fgyvendinimo ir patvirtinti savo tapatyb\u0119, pateikdami asmens dokument\u0105 arba kitaip, teis\u0117s akt\u0173 nustatyta tvarka ar elektronini\u0173 ry\u0161i\u0173 priemon\u0117mis, kurios leid\u017eia tinkamai identifikuoti asmen\u012f, patvirtinti savo asmens tapatyb\u0119.<\/p>\n<p>\u012e J\u016bs\u0173 pra\u0161ym\u0105 atsakysime per 30 kalendorini\u0173 dien\u0173.<\/p>\n<p><strong>KAM ATSKLEID\u017dIAME J\u016aS\u0172 INFORMACIJ\u0104?<\/strong><\/p>\n<p>Mes neteikiam J\u016bs\u0173 duomen\u0173 tretiesiems asmenims be i\u0161ankstinio J\u016bs\u0173 sutikimo, i\u0161skyrus teis\u0117s akt\u0173 nustatyta tvarka arba teis\u0117saugos institucijoms, siekiant i\u0161tirti teis\u0117s akt\u0173 pa\u017eeidimus.<\/p>\n<p>J\u016bs\u0173 duomenis mes galime perduoti duomen\u0173 tvarkytojams, kurie teikia paslaugas (atlieka darbus) ir tvarko duomenis m\u016bs\u0173 vardu. Duomen\u0173 tvarkytojai teikia svetaini\u0173 prieglobos, duomen\u0173 centro ir\/arba serveri\u0173 nuomos paslaugas, rinkodaros ir ry\u0161i\u0173 su klientais valdymo sistemos, duomen\u0173 analiz\u0117s bei kitas paslaugas. Kai kurie duomen\u0173 tvarkytojai gali b\u016bti \u012fsisteig\u0119 ne Europos S\u0105jungoje.<\/p>\n<p>Duomen\u0173 tvarkytojai turi teis\u0119 tvarkyti J\u016bs\u0173 duomenis tik pagal m\u016bs\u0173 nurodymus ir tik ta apimtimi, kiek tai yra b\u016btina siekiant tinkamai vykdyti sutartyje nustatytus \u012fsipareigojimus. Mes siekiame u\u017etikrinti, kad ir duomen\u0173 tvarkytojai b\u016bt\u0173 \u012fgyvendin\u0119 tinkamas organizacines ir technines saugum\u0105 u\u017etikrinan\u010dias priemones bei i\u0161laikyt\u0173 asmens duomen\u0173 paslapt\u012f.<\/p>\n<p><strong>BAIGIAMOSIOS NUOSTATOS<\/strong><\/p>\n<p>Privatumo politikos papildymai ar pakeitimai \u012fsigalioja nuo j\u0173 paskelbimo internetin\u0117se svetain\u0117se (<a href=\"http:\/\/www.esusalia.lt\/\">www.esusalia.lt<\/a>, www.petrikiene.com) dienos.<\/p>\n<p>Kai po Privatumo Politikos papildymo ar pakeitimo Duomen\u0173 subjektas naudojasi auk\u0161\u010diau nurodytomis internetin\u0117mis svetain\u0117mis ir\/ar Duomen\u0173 valdytojo teikiamomis paslaugomis, laikoma, kad Duomen\u0173 subjektas sutinka d\u0117l toki\u0173 papildym\u0173 ir\/ar pakeitim\u0173.<\/p>\n<p><strong>SUSISIEKITE SU MUMIS<\/strong><\/p>\n<p>Jei d\u0117l \u0161ioje Privatumo politikoje pateiktos informacijos jums i\u0161kilt\u0173 klausim\u0173, maloniai pra\u0161ome kreiptis el.pa\u0161tu\u00a0<a href=\"mailto:info@petrikiene.com\">info@petrikiene.com<\/a><\/p>\n<\/div><\/div><\/div><\/div><\/div><\/p>","protected":false},"excerpt":{"rendered":"","protected":false},"author":1,"featured_media":0,"parent":0,"menu_order":0,"comment_status":"closed","ping_status":"open","template":"","meta":{"_acf_changed":false,"footnotes":""},"class_list":["post-3","page","type-page","status-publish","hentry"],"acf":[],"yoast_head":"<!-- This site is optimized with the Yoast SEO plugin v25.5 - https:\/\/yoast.com\/wordpress\/plugins\/seo\/ -->\n<title>Privatumo politika - Psicholog\u0117 hipnoterapeut\u0117 Vilma Petrikien\u0117<\/title>\n<meta name=\"robots\" content=\"index, follow, max-snippet:-1, max-image-preview:large, max-video-preview:-1\" \/>\n<link rel=\"canonical\" href=\"https:\/\/petrikiene.com\/en\/privatumo-politika\/\" \/>\n<meta property=\"og:locale\" content=\"en_GB\" \/>\n<meta property=\"og:type\" content=\"article\" \/>\n<meta property=\"og:title\" content=\"Privatumo politika - Psicholog\u0117 hipnoterapeut\u0117 Vilma Petrikien\u0117\" \/>\n<meta property=\"og:url\" content=\"https:\/\/petrikiene.com\/en\/privatumo-politika\/\" \/>\n<meta property=\"og:site_name\" content=\"Psicholog\u0117 hipnoterapeut\u0117 Vilma Petrikien\u0117\" \/>\n<meta property=\"article:modified_time\" content=\"2025-04-05T18:17:59+00:00\" \/>\n<meta name=\"twitter:card\" content=\"summary_large_image\" \/>\n<meta name=\"twitter:label1\" content=\"Estimated reading time\" \/>\n\t<meta name=\"twitter:data1\" content=\"6 minutes\" \/>\n<script type=\"application\/ld+json\" class=\"yoast-schema-graph\">{\"@context\":\"https:\/\/schema.org\",\"@graph\":[{\"@type\":\"WebPage\",\"@id\":\"https:\/\/petrikiene.com\/privatumo-politika\/\",\"url\":\"https:\/\/petrikiene.com\/privatumo-politika\/\",\"name\":\"Privatumo politika - Psicholog\u0117 hipnoterapeut\u0117 Vilma Petrikien\u0117\",\"isPartOf\":{\"@id\":\"https:\/\/petrikiene.com\/#website\"},\"datePublished\":\"2024-03-14T18:18:32+00:00\",\"dateModified\":\"2025-04-05T18:17:59+00:00\",\"breadcrumb\":{\"@id\":\"https:\/\/petrikiene.com\/privatumo-politika\/#breadcrumb\"},\"inLanguage\":\"en-GB\",\"potentialAction\":[{\"@type\":\"ReadAction\",\"target\":[\"https:\/\/petrikiene.com\/privatumo-politika\/\"]}]},{\"@type\":\"BreadcrumbList\",\"@id\":\"https:\/\/petrikiene.com\/privatumo-politika\/#breadcrumb\",\"itemListElement\":[{\"@type\":\"ListItem\",\"position\":1,\"name\":\"Home\",\"item\":\"https:\/\/petrikiene.com\/lt\/\"},{\"@type\":\"ListItem\",\"position\":2,\"name\":\"Privatumo politika\"}]},{\"@type\":\"WebSite\",\"@id\":\"https:\/\/petrikiene.com\/#website\",\"url\":\"https:\/\/petrikiene.com\/\",\"name\":\"Psicholog\u0117 hipnoterapeut\u0117 Vilma Petrikien\u0117\",\"description\":\"\",\"potentialAction\":[{\"@type\":\"SearchAction\",\"target\":{\"@type\":\"EntryPoint\",\"urlTemplate\":\"https:\/\/petrikiene.com\/?s={search_term_string}\"},\"query-input\":{\"@type\":\"PropertyValueSpecification\",\"valueRequired\":true,\"valueName\":\"search_term_string\"}}],\"inLanguage\":\"en-GB\"}]}<\/script>\n<!-- \/ Yoast SEO plugin. -->","yoast_head_json":{"title":"Privatumo politika - Psicholog\u0117 hipnoterapeut\u0117 Vilma Petrikien\u0117","robots":{"index":"index","follow":"follow","max-snippet":"max-snippet:-1","max-image-preview":"max-image-preview:large","max-video-preview":"max-video-preview:-1"},"canonical":"https:\/\/petrikiene.com\/en\/privatumo-politika\/","og_locale":"en_GB","og_type":"article","og_title":"Privatumo politika - Psicholog\u0117 hipnoterapeut\u0117 Vilma Petrikien\u0117","og_url":"https:\/\/petrikiene.com\/en\/privatumo-politika\/","og_site_name":"Psicholog\u0117 hipnoterapeut\u0117 Vilma Petrikien\u0117","article_modified_time":"2025-04-05T18:17:59+00:00","twitter_card":"summary_large_image","twitter_misc":{"Estimated reading time":"6 minutes"},"schema":{"@context":"https:\/\/schema.org","@graph":[{"@type":"WebPage","@id":"https:\/\/petrikiene.com\/privatumo-politika\/","url":"https:\/\/petrikiene.com\/privatumo-politika\/","name":"Privatumo politika - Psicholog\u0117 hipnoterapeut\u0117 Vilma Petrikien\u0117","isPartOf":{"@id":"https:\/\/petrikiene.com\/#website"},"datePublished":"2024-03-14T18:18:32+00:00","dateModified":"2025-04-05T18:17:59+00:00","breadcrumb":{"@id":"https:\/\/petrikiene.com\/privatumo-politika\/#breadcrumb"},"inLanguage":"en-GB","potentialAction":[{"@type":"ReadAction","target":["https:\/\/petrikiene.com\/privatumo-politika\/"]}]},{"@type":"BreadcrumbList","@id":"https:\/\/petrikiene.com\/privatumo-politika\/#breadcrumb","itemListElement":[{"@type":"ListItem","position":1,"name":"Home","item":"https:\/\/petrikiene.com\/lt\/"},{"@type":"ListItem","position":2,"name":"Privatumo politika"}]},{"@type":"WebSite","@id":"https:\/\/petrikiene.com\/#website","url":"https:\/\/petrikiene.com\/","name":"Psicholog\u0117 hipnoterapeut\u0117 Vilma Petrikien\u0117","description":"","potentialAction":[{"@type":"SearchAction","target":{"@type":"EntryPoint","urlTemplate":"https:\/\/petrikiene.com\/?s={search_term_string}"},"query-input":{"@type":"PropertyValueSpecification","valueRequired":true,"valueName":"search_term_string"}}],"inLanguage":"en-GB"}]}},"_links":{"self":[{"href":"https:\/\/petrikiene.com\/en\/wp-json\/wp\/v2\/pages\/3","targetHints":{"allow":["GET"]}}],"collection":[{"href":"https:\/\/petrikiene.com\/en\/wp-json\/wp\/v2\/pages"}],"about":[{"href":"https:\/\/petrikiene.com\/en\/wp-json\/wp\/v2\/types\/page"}],"author":[{"embeddable":true,"href":"https:\/\/petrikiene.com\/en\/wp-json\/wp\/v2\/users\/1"}],"replies":[{"embeddable":true,"href":"https:\/\/petrikiene.com\/en\/wp-json\/wp\/v2\/comments?post=3"}],"version-history":[{"count":0,"href":"https:\/\/petrikiene.com\/en\/wp-json\/wp\/v2\/pages\/3\/revisions"}],"wp:attachment":[{"href":"https:\/\/petrikiene.com\/en\/wp-json\/wp\/v2\/media?parent=3"}],"curies":[{"name":"wp","href":"https:\/\/api.w.org\/{rel}","templated":true}]}}