{"id":3471,"date":"2024-05-13T03:57:16","date_gmt":"2024-05-13T03:57:16","guid":{"rendered":"https:\/\/petrikiene.com\/?page_id=3471"},"modified":"2025-04-05T20:55:45","modified_gmt":"2025-04-05T20:55:45","slug":"duk","status":"publish","type":"page","link":"https:\/\/petrikiene.com\/en\/duk\/","title":{"rendered":"FAQ"},"content":{"rendered":"<p><div class=\"fusion-fullwidth fullwidth-box fusion-builder-row-1 fusion-flex-container has-pattern-background has-mask-background hundred-percent-fullwidth non-hundred-percent-height-scrolling\" style=\"--awb-border-radius-top-left:0px;--awb-border-radius-top-right:0px;--awb-border-radius-bottom-right:0px;--awb-border-radius-bottom-left:0px;--awb-padding-top:30px;--awb-padding-right:80px;--awb-padding-left:131px;--awb-padding-left-small:24px;--awb-margin-top:0px;--awb-margin-bottom:60px;--awb-margin-bottom-small:0px;--awb-flex-wrap:wrap;\" ><div class=\"fusion-builder-row fusion-row fusion-flex-align-items-flex-start fusion-flex-content-wrap\" style=\"width:104% !important;max-width:104% !important;margin-left: calc(-4% \/ 2 );margin-right: calc(-4% \/ 2 );\"><div class=\"fusion-layout-column fusion_builder_column fusion-builder-column-0 fusion_builder_column_1_1 1_1 fusion-flex-column fusion-flex-align-self-center\" style=\"--awb-bg-size:cover;--awb-width-large:100%;--awb-margin-top-large:0px;--awb-spacing-right-large:0%;--awb-margin-bottom-large:0px;--awb-spacing-left-large:0%;--awb-width-medium:100%;--awb-order-medium:0;--awb-spacing-right-medium:0%;--awb-spacing-left-medium:0%;--awb-width-small:100%;--awb-order-small:0;--awb-spacing-right-small:1.92%;--awb-spacing-left-small:1.92%;\" data-scroll-devices=\"small-visibility,medium-visibility,large-visibility\"><div class=\"fusion-column-wrapper fusion-column-has-shadow fusion-flex-justify-content-flex-start fusion-content-layout-row fusion-flex-align-items-center\"><div class=\"fusion-image-element\" style=\"text-align:center;--awb-margin-top:12px;--awb-max-width:89px;--awb-caption-title-font-family:var(--h2_typography-font-family);--awb-caption-title-font-weight:var(--h2_typography-font-weight);--awb-caption-title-font-style:var(--h2_typography-font-style);--awb-caption-title-size:var(--h2_typography-font-size);--awb-caption-title-transform:var(--h2_typography-text-transform);--awb-caption-title-line-height:var(--h2_typography-line-height);--awb-caption-title-letter-spacing:var(--h2_typography-letter-spacing);\"><span class=\"fusion-imageframe imageframe-none imageframe-1 hover-type-none\"><img decoding=\"async\" width=\"218\" height=\"2\" src=\"https:\/\/petrikiene.com\/wp-content\/uploads\/2024\/05\/Line-18.png\" data-orig-src=\"https:\/\/petrikiene.com\/wp-content\/uploads\/2024\/05\/Line-18.png\" alt class=\"lazyload img-responsive wp-image-3677\" srcset=\"data:image\/svg+xml,%3Csvg%20xmlns%3D%27http%3A%2F%2Fwww.w3.org%2F2000%2Fsvg%27%20width%3D%27218%27%20height%3D%272%27%20viewBox%3D%270%200%20218%202%27%3E%3Crect%20width%3D%27218%27%20height%3D%272%27%20fill-opacity%3D%220%22%2F%3E%3C%2Fsvg%3E\" data-srcset=\"https:\/\/petrikiene.com\/wp-content\/uploads\/2024\/05\/Line-18-200x2.png 200w, https:\/\/petrikiene.com\/wp-content\/uploads\/2024\/05\/Line-18.png 218w\" data-sizes=\"auto\" data-orig-sizes=\"(max-width: 850px) 100vw, 218px\" \/><\/span><\/div><div ><a class=\"fusion-button button-flat button-large button-custom fusion-button-default button-1 fusion-button-span-no fusion-button-default-type\" style=\"--button_accent_color:var(--awb-color3);--button_accent_hover_color:#809785;--button_border_hover_color:var(--awb-color1);--button_gradient_top_color:var(--awb-color1);--button_gradient_bottom_color:var(--awb-color1);--button_gradient_top_color_hover:var(--awb-color1);--button_gradient_bottom_color_hover:var(--awb-color1);\" target=\"_self\"><span class=\"fusion-button-text awb-button__text awb-button__text--default\">FAQ<\/span><\/a><\/div><\/div><\/div><\/div><\/div>\n<div class=\"fusion-fullwidth fullwidth-box fusion-builder-row-2 fusion-flex-container has-pattern-background has-mask-background hundred-percent-fullwidth non-hundred-percent-height-scrolling\" style=\"--awb-border-radius-top-left:0px;--awb-border-radius-top-right:0px;--awb-border-radius-bottom-right:0px;--awb-border-radius-bottom-left:0px;--awb-padding-right-small:0px;--awb-padding-left-small:0px;--awb-margin-bottom:114px;--awb-flex-wrap:wrap;\" ><div class=\"fusion-builder-row fusion-row fusion-flex-align-items-flex-start fusion-flex-content-wrap\" style=\"width:104% !important;max-width:104% !important;margin-left: calc(-4% \/ 2 );margin-right: calc(-4% \/ 2 );\"><div class=\"fusion-layout-column fusion_builder_column fusion-builder-column-1 fusion_builder_column_1_1 1_1 fusion-flex-column\" style=\"--awb-padding-right:183px;--awb-padding-left:105px;--awb-padding-right-small:20px;--awb-padding-left-small:20px;--awb-bg-size:cover;--awb-width-large:100%;--awb-margin-top-large:0px;--awb-spacing-right-large:1.92%;--awb-margin-bottom-large:0px;--awb-spacing-left-large:1.92%;--awb-width-medium:100%;--awb-order-medium:0;--awb-spacing-right-medium:1.92%;--awb-spacing-left-medium:1.92%;--awb-width-small:100%;--awb-order-small:0;--awb-spacing-right-small:1.92%;--awb-spacing-left-small:1.92%;\"><div class=\"fusion-column-wrapper fusion-column-has-shadow fusion-flex-justify-content-flex-start fusion-content-layout-column\"><div class=\"accordian fusion-accordian\" style=\"--awb-padding-top:0px;--awb-padding-bottom:0px;--awb-border-size:0px;--awb-icon-size:16px;--awb-content-font-size:22px;--awb-content-text-transform:none;--awb-content-line-height:1.2;--awb-icon-alignment:left;--awb-hover-color:var(--awb-color3);--awb-border-color:var(--awb-color3);--awb-background-color:var(--awb-color3);--awb-divider-color:var(--awb-color3);--awb-divider-hover-color:var(--awb-color3);--awb-icon-color:var(--awb-color1);--awb-title-color:var(--awb-color1);--awb-content-color:var(--awb-color1);--awb-icon-box-color:var(--awb-color8);--awb-toggle-hover-accent-color:var(--awb-color1);--awb-toggle-active-accent-color:var(--awb-color1);--awb-title-font-family:&quot;Outfit&quot;;--awb-title-font-weight:400;--awb-title-font-style:normal;--awb-title-font-size:20px;--awb-title-line-height:1.1;--awb-title-text-transform:none;--awb-content-font-family:&quot;Outfit&quot;;--awb-content-font-style:normal;--awb-content-font-weight:400;\"><div class=\"panel-group fusion-toggle-icon-unboxed\" id=\"accordion-3471-1\"><div class=\"fusion-panel panel-default panel-74f409ad9beee9dae fusion-toggle-no-divider fusion-toggle-boxed-mode\"><div class=\"panel-heading\"><h4 class=\"panel-title toggle\" id=\"toggle_74f409ad9beee9dae\"><a aria-expanded=\"false\" aria-controls=\"74f409ad9beee9dae\" role=\"button\" data-toggle=\"collapse\" data-target=\"#74f409ad9beee9dae\" href=\"#74f409ad9beee9dae\"><span class=\"fusion-toggle-icon-wrapper\" aria-hidden=\"true\"><i class=\"fa-fusion-box active-icon fa-angle-up fas\" aria-hidden=\"true\"><\/i><i class=\"fa-fusion-box inactive-icon fa-angle-down fas\" aria-hidden=\"true\"><\/i><\/span><span class=\"fusion-toggle-heading\">What to choose: psychological counseling or hypnotherapy?<\/span><\/a><\/h4><\/div><div id=\"74f409ad9beee9dae\" class=\"panel-collapse collapse\" aria-labelledby=\"toggle_74f409ad9beee9dae\"><div class=\"panel-body toggle-content fusion-clearfix\">\n<div class=\"highlighted-text\">\n<p>&nbsp;<\/p>\n<p>This question can be answered from several perspectives, taking into account individual needs, the nature of the issues, and the client's readiness for certain therapeutic interventions.<\/p>\n<p class=\"translation-block\">PSYCHOLOGICAL COUNSELING<br>This is a process in which clients talk with a psychologist, analyze problems, learn new skills, and change their thinking and behavior. Counseling often:<br>\u2013 Is suitable for those who want to understand their issues and seek long-term solutions.<br> - Is based on a reflection process that helps them become aware of their feelings, thoughts, and behaviors.<br> - Is used for addressing relationship issues, emotional difficulties, self-esteem concerns, professional or family challenges, and parenting issues.<br>\u2013 Is effective when regular support and long-term emotional health improvement are needed.<\/p>\n<p class=\"translation-block\">HYPNOTHERAPY<br>This is a faster, deep-acting method that works with subconscious beliefs, memories, and behavior patterns through hypnosis. Hypnotherapy can be beneficial when:<br>\u2013 There is a specific problem that needs to be addressed quickly (e.g., phobias, trauma, anxiety, addictions, habit changes).<br>\u2013 A person is open to working with the subconscious mind and can easily enter a hypnotic state.<br>\u2013 It is necessary to access deeply rooted beliefs and emotional blockages that cannot be easily resolved through conscious discussions alone.<br>\u2013\tIt is used in combination with other methods, such as psychological counseling, to achieve more effective results.<\/p>\n<p class=\"translation-block\">WHICH METHOD IS BETTER?<br>There is no universal answer. Some people benefit more from psychological counseling, others from hypnotherapy, while for some, the best results are achieved by combining both methods.\nIf the issue is long-term and requires deep self-reflection, starting with counseling may be beneficial. If a person is ready for a quicker transformation and has a specific goal, hypnotherapy can be an effective way to achieve the desired results in a shorter time.<\/p>\n<p>If the issue is long-term and requires deep self-reflection, starting with counseling may be beneficial. If a person is ready for a quicker transformation and has a specific goal, hypnotherapy can be an effective way to achieve the desired results in a shorter time.<\/p>\n<p><a href=\"https:\/\/petrikiene.com\/en\/psichologinis-konsultavimas\/\">Learn more about psychological counseling \u2192<\/a><br \/><a href=\"https:\/\/petrikiene.com\/en\/hipnoterapija\/\">Learn more about hypnotherapy \u2192<\/a><\/p>\n<\/div>\n<\/div><\/div><\/div><div class=\"fusion-panel panel-default panel-79568294f31cb7996 fusion-toggle-no-divider fusion-toggle-boxed-mode\"><div class=\"panel-heading\"><h4 class=\"panel-title toggle\" id=\"toggle_79568294f31cb7996\"><a aria-expanded=\"false\" aria-controls=\"79568294f31cb7996\" role=\"button\" data-toggle=\"collapse\" data-target=\"#79568294f31cb7996\" href=\"#79568294f31cb7996\"><span class=\"fusion-toggle-icon-wrapper\" aria-hidden=\"true\"><i class=\"fa-fusion-box active-icon fa-angle-up fas\" aria-hidden=\"true\"><\/i><i class=\"fa-fusion-box inactive-icon fa-angle-down fas\" aria-hidden=\"true\"><\/i><\/span><span class=\"fusion-toggle-heading\"> What if I think I already know the reason behind my issue?<\/span><\/a><\/h4><\/div><div id=\"79568294f31cb7996\" class=\"panel-collapse collapse\" aria-labelledby=\"toggle_79568294f31cb7996\"><div class=\"panel-body toggle-content fusion-clearfix\">\n<div class=\"highlighted-text\">\n<p class=\"translation-block\">If the reason behind the issue is truly clear and its awareness has already brought partial relief, psychological counseling or focused self-work (changing thinking patterns, developing new skills, and applying practical methods) may be sufficient.\n\nIf the cause is consciously known, but the issue still persists, it may be deeply rooted in the subconscious. In this case, hypnotherapy can help not only confirm what you already knew but also reveal new aspects of the issue. Additionally, through hypnotherapy, we can rewrite emotional responses or beliefs that are preventing change.\n<br>\nExample: If you know that your anxiety stems from excessive criticism received in childhood, but you still struggle to accept feedback\u2014mere awareness may not be enough. Hypnotherapy can help rewrite this internal response.\n<br>Another example: If you understand that you avoid certain situations due to heavy past experiences, but consciously feel ready to change, counseling can help clarify an action plan.<\/p>\n<p>The key is not just to understand but to change internal attitudes, beliefs, and thinking patterns.<\/p>\n<\/div>\n<div class=\"toggle-content-grid\">\n<div class=\"text-column\">\n<p class=\"translation-block\">Your subconscious mind knows all the answers you need.<br>\nLet's connect and discuss the plan!<\/p>\n<\/div>\n<div class=\"button-column\"><div ><a class=\"fusion-button button-flat button-medium button-default fusion-button-default button-2 fusion-button-default-span fusion-button-default-type\" target=\"_blank\" rel=\"noopener noreferrer\" href=\"https:\/\/booking.moizmo.com\/booking\/da74b38e-1b77-49ac-a005-f9771d5517c0\"><span class=\"fusion-button-text awb-button__text awb-button__text--default\">Book a call<\/span><\/a><\/div><\/div>\n<\/div>\n<\/div><\/div><\/div><div class=\"fusion-panel panel-default panel-12b5844a8b03be495 fusion-toggle-no-divider fusion-toggle-boxed-mode\"><div class=\"panel-heading\"><h4 class=\"panel-title toggle\" id=\"toggle_12b5844a8b03be495\"><a aria-expanded=\"false\" aria-controls=\"12b5844a8b03be495\" role=\"button\" data-toggle=\"collapse\" data-target=\"#12b5844a8b03be495\" href=\"#12b5844a8b03be495\"><span class=\"fusion-toggle-icon-wrapper\" aria-hidden=\"true\"><i class=\"fa-fusion-box active-icon fa-angle-up fas\" aria-hidden=\"true\"><\/i><i class=\"fa-fusion-box inactive-icon fa-angle-down fas\" aria-hidden=\"true\"><\/i><\/span><span class=\"fusion-toggle-heading\"> What is better: live or online meetings?<\/span><\/a><\/h4><\/div><div id=\"12b5844a8b03be495\" class=\"panel-collapse collapse\" aria-labelledby=\"toggle_12b5844a8b03be495\"><div class=\"panel-body toggle-content fusion-clearfix\">\n<div class=\"highlighted-text\">\n<p>In-person meetings are more recommended when a stronger emotional connection is needed, when you seek a safe and comfortable therapeutic space, or when there is a need to step away from your daily environment.<\/p>\n<p class=\"translation-block\">Online sessions are ideal for clients who value time efficiency or prefer the convenience of attending sessions from home, work, or any other location. Remote sessions open up opportunities to access therapeutic services while living in another city or even another country.<br>\nIt is important to ensure a suitable environment so that you can fully relax and focus on the therapeutic process.<\/p>\n<p>Both psychological counseling and hypnotherapy can be effective whether conducted in person or online.<\/p>\n<\/div>\n<div class=\"toggle-content-grid\">\n<div class=\"text-column\">\n<p>What do you prefer: in-person connection or convenience?<\/p>\n<\/div>\n<div class=\"button-column\"><div ><a class=\"fusion-button button-flat button-medium button-default fusion-button-default button-3 fusion-button-default-span fusion-button-default-type\" target=\"_blank\" rel=\"noopener noreferrer\" href=\"https:\/\/booking.moizmo.com\/booking\/da74b38e-1b77-49ac-a005-f9771d5517c0\"><span class=\"fusion-button-text awb-button__text awb-button__text--default\">Book a call<\/span><\/a><\/div><\/div>\n<\/div>\n<\/div><\/div><\/div><div class=\"fusion-panel panel-default panel-e95bd844653924ef3 fusion-toggle-no-divider fusion-toggle-boxed-mode\"><div class=\"panel-heading\"><h4 class=\"panel-title toggle\" id=\"toggle_e95bd844653924ef3\"><a aria-expanded=\"false\" aria-controls=\"e95bd844653924ef3\" role=\"button\" data-toggle=\"collapse\" data-target=\"#e95bd844653924ef3\" href=\"#e95bd844653924ef3\"><span class=\"fusion-toggle-icon-wrapper\" aria-hidden=\"true\"><i class=\"fa-fusion-box active-icon fa-angle-up fas\" aria-hidden=\"true\"><\/i><i class=\"fa-fusion-box inactive-icon fa-angle-down fas\" aria-hidden=\"true\"><\/i><\/span><span class=\"fusion-toggle-heading\"> When will I start seeing changes?<\/span><\/a><\/h4><\/div><div id=\"e95bd844653924ef3\" class=\"panel-collapse collapse\" aria-labelledby=\"toggle_e95bd844653924ef3\"><div class=\"panel-body toggle-content fusion-clearfix\">\n<div class=\"highlighted-text\">\n<p>Each client's situation is unique, and therefore, changes are experienced and noticed differently.\nSome clients notice changes immediately after a psychological consultation or hypnotherapy session. They describe it as a sense of relief, feeling calmer, or having newfound hope.<\/p>\n<div>\n<p>Others experience gradual, accumulating changes\u2014work becomes smoother, relationships with loved ones improve, and overall, life feels more enjoyable and fulfilling.<\/p>\n<p>Meanwhile, some can identify their progress only in retrospect \u2014 for example, \"I haven't had a migraine attack in a year,\" or \"I now accept compliments with ease and feel confident,\" or \"I said 'no' and didn\u2019t feel guilty.\"<\/p>\n<p>Everyone\u2019s journey is different, and transformation unfolds in its own time.<\/p>\n<\/div>\n<\/div>\n<\/div><\/div><\/div><div class=\"fusion-panel panel-default panel-5f72c4ef99d196c40 fusion-toggle-no-divider fusion-toggle-boxed-mode\"><div class=\"panel-heading\"><h4 class=\"panel-title toggle\" id=\"toggle_5f72c4ef99d196c40\"><a aria-expanded=\"false\" aria-controls=\"5f72c4ef99d196c40\" role=\"button\" data-toggle=\"collapse\" data-target=\"#5f72c4ef99d196c40\" href=\"#5f72c4ef99d196c40\"><span class=\"fusion-toggle-icon-wrapper\" aria-hidden=\"true\"><i class=\"fa-fusion-box active-icon fa-angle-up fas\" aria-hidden=\"true\"><\/i><i class=\"fa-fusion-box inactive-icon fa-angle-down fas\" aria-hidden=\"true\"><\/i><\/span><span class=\"fusion-toggle-heading\">  How many sessions do I need?<\/span><\/a><\/h4><\/div><div id=\"5f72c4ef99d196c40\" class=\"panel-collapse collapse\" aria-labelledby=\"toggle_5f72c4ef99d196c40\"><div class=\"panel-body toggle-content fusion-clearfix\">\n<div class=\"highlighted-text\">The answer to this question depends on several factors: the nature and depth of the issues, individual client experiences, and their readiness for change.<\/p>\n<p>PSYCHOLOGICAL COUNSELING<br \/>\nis often a continuous process that involves deep self-exploration, belief transformation, and the development of new skills.<br \/>\n- Some situations (e.g., parenting-related concerns, temporary life difficulties) can be addressed within a few sessions (3\u20136 consultations).<br \/>\n- Deeper, more ingrained issues (e.g., low self-esteem, long-term anxiety, relationship challenges) usually require 10 or more sessions, depending on the client\u2019s pace.<br \/>\n- Therapy can also take place over the long term (several months or years) if the goal is a profound transformation of internal mechanisms.<div class=\"fusion-separator fusion-full-width-sep\" style=\"align-self: center;margin-left: auto;margin-right: auto;margin-top:30px;margin-bottom:30px;width:100%;\"><div class=\"fusion-separator-border sep-double sep-solid\" style=\"--awb-height:20px;--awb-amount:20px;border-color:var(--awb-color3);border-top-width:1px;border-bottom-width:1px;\"><\/div><\/div>HYPNOTHERAPY<br \/>\ncan bring about faster changes as it works directly with the subconscious mind.<br \/>\n- Some specific issues (e.g., phobias, emotional eating, self-esteem blocks) can be resolved within 1\u20133 hypnotherapy sessions.<br \/>\n- More complex cases (e.g., childhood trauma, deeply rooted beliefs, persistent anxiety) may require 3\u20136 sessions or an individually tailored process.<\/p>\n<p>\nThe number and frequency of the sessions are highly individual and depend on the client's unique circumstances, level of engagement, and collaboration in achieving the desired therapeutic outcomes.<\/div>\n<\/div><\/div><\/div><\/div><\/div><\/div><\/div><\/div><\/div><\/p>","protected":false},"excerpt":{"rendered":"","protected":false},"author":1,"featured_media":0,"parent":0,"menu_order":0,"comment_status":"closed","ping_status":"closed","template":"100-width.php","meta":{"_acf_changed":false,"footnotes":""},"class_list":["post-3471","page","type-page","status-publish","hentry"],"acf":[],"yoast_head":"<!-- This site is optimized with the Yoast SEO plugin v25.5 - https:\/\/yoast.com\/wordpress\/plugins\/seo\/ -->\n<title>DUK - Psicholog\u0117 hipnoterapeut\u0117 Vilma Petrikien\u0117<\/title>\n<meta name=\"robots\" content=\"index, follow, max-snippet:-1, max-image-preview:large, max-video-preview:-1\" \/>\n<link rel=\"canonical\" href=\"https:\/\/petrikiene.com\/en\/duk\/\" \/>\n<meta property=\"og:locale\" content=\"en_GB\" \/>\n<meta property=\"og:type\" content=\"article\" \/>\n<meta property=\"og:title\" content=\"DUK - Psicholog\u0117 hipnoterapeut\u0117 Vilma Petrikien\u0117\" \/>\n<meta property=\"og:url\" content=\"https:\/\/petrikiene.com\/en\/duk\/\" \/>\n<meta property=\"og:site_name\" content=\"Psicholog\u0117 hipnoterapeut\u0117 Vilma Petrikien\u0117\" \/>\n<meta property=\"article:modified_time\" content=\"2025-04-05T20:55:45+00:00\" \/>\n<meta name=\"twitter:card\" content=\"summary_large_image\" \/>\n<script type=\"application\/ld+json\" class=\"yoast-schema-graph\">{\"@context\":\"https:\/\/schema.org\",\"@graph\":[{\"@type\":\"WebPage\",\"@id\":\"https:\/\/petrikiene.com\/duk\/\",\"url\":\"https:\/\/petrikiene.com\/duk\/\",\"name\":\"DUK - Psicholog\u0117 hipnoterapeut\u0117 Vilma Petrikien\u0117\",\"isPartOf\":{\"@id\":\"https:\/\/petrikiene.com\/#website\"},\"datePublished\":\"2024-05-13T03:57:16+00:00\",\"dateModified\":\"2025-04-05T20:55:45+00:00\",\"breadcrumb\":{\"@id\":\"https:\/\/petrikiene.com\/duk\/#breadcrumb\"},\"inLanguage\":\"en-GB\",\"potentialAction\":[{\"@type\":\"ReadAction\",\"target\":[\"https:\/\/petrikiene.com\/duk\/\"]}]},{\"@type\":\"BreadcrumbList\",\"@id\":\"https:\/\/petrikiene.com\/duk\/#breadcrumb\",\"itemListElement\":[{\"@type\":\"ListItem\",\"position\":1,\"name\":\"Home\",\"item\":\"https:\/\/petrikiene.com\/lt\/\"},{\"@type\":\"ListItem\",\"position\":2,\"name\":\"DUK\"}]},{\"@type\":\"WebSite\",\"@id\":\"https:\/\/petrikiene.com\/#website\",\"url\":\"https:\/\/petrikiene.com\/\",\"name\":\"Psicholog\u0117 hipnoterapeut\u0117 Vilma Petrikien\u0117\",\"description\":\"\",\"potentialAction\":[{\"@type\":\"SearchAction\",\"target\":{\"@type\":\"EntryPoint\",\"urlTemplate\":\"https:\/\/petrikiene.com\/?s={search_term_string}\"},\"query-input\":{\"@type\":\"PropertyValueSpecification\",\"valueRequired\":true,\"valueName\":\"search_term_string\"}}],\"inLanguage\":\"en-GB\"}]}<\/script>\n<!-- \/ Yoast SEO plugin. -->","yoast_head_json":{"title":"DUK - Psicholog\u0117 hipnoterapeut\u0117 Vilma Petrikien\u0117","robots":{"index":"index","follow":"follow","max-snippet":"max-snippet:-1","max-image-preview":"max-image-preview:large","max-video-preview":"max-video-preview:-1"},"canonical":"https:\/\/petrikiene.com\/en\/duk\/","og_locale":"en_GB","og_type":"article","og_title":"DUK - Psicholog\u0117 hipnoterapeut\u0117 Vilma Petrikien\u0117","og_url":"https:\/\/petrikiene.com\/en\/duk\/","og_site_name":"Psicholog\u0117 hipnoterapeut\u0117 Vilma Petrikien\u0117","article_modified_time":"2025-04-05T20:55:45+00:00","twitter_card":"summary_large_image","schema":{"@context":"https:\/\/schema.org","@graph":[{"@type":"WebPage","@id":"https:\/\/petrikiene.com\/duk\/","url":"https:\/\/petrikiene.com\/duk\/","name":"DUK - Psicholog\u0117 hipnoterapeut\u0117 Vilma Petrikien\u0117","isPartOf":{"@id":"https:\/\/petrikiene.com\/#website"},"datePublished":"2024-05-13T03:57:16+00:00","dateModified":"2025-04-05T20:55:45+00:00","breadcrumb":{"@id":"https:\/\/petrikiene.com\/duk\/#breadcrumb"},"inLanguage":"en-GB","potentialAction":[{"@type":"ReadAction","target":["https:\/\/petrikiene.com\/duk\/"]}]},{"@type":"BreadcrumbList","@id":"https:\/\/petrikiene.com\/duk\/#breadcrumb","itemListElement":[{"@type":"ListItem","position":1,"name":"Home","item":"https:\/\/petrikiene.com\/lt\/"},{"@type":"ListItem","position":2,"name":"DUK"}]},{"@type":"WebSite","@id":"https:\/\/petrikiene.com\/#website","url":"https:\/\/petrikiene.com\/","name":"Psicholog\u0117 hipnoterapeut\u0117 Vilma Petrikien\u0117","description":"","potentialAction":[{"@type":"SearchAction","target":{"@type":"EntryPoint","urlTemplate":"https:\/\/petrikiene.com\/?s={search_term_string}"},"query-input":{"@type":"PropertyValueSpecification","valueRequired":true,"valueName":"search_term_string"}}],"inLanguage":"en-GB"}]}},"_links":{"self":[{"href":"https:\/\/petrikiene.com\/en\/wp-json\/wp\/v2\/pages\/3471","targetHints":{"allow":["GET"]}}],"collection":[{"href":"https:\/\/petrikiene.com\/en\/wp-json\/wp\/v2\/pages"}],"about":[{"href":"https:\/\/petrikiene.com\/en\/wp-json\/wp\/v2\/types\/page"}],"author":[{"embeddable":true,"href":"https:\/\/petrikiene.com\/en\/wp-json\/wp\/v2\/users\/1"}],"replies":[{"embeddable":true,"href":"https:\/\/petrikiene.com\/en\/wp-json\/wp\/v2\/comments?post=3471"}],"version-history":[{"count":0,"href":"https:\/\/petrikiene.com\/en\/wp-json\/wp\/v2\/pages\/3471\/revisions"}],"wp:attachment":[{"href":"https:\/\/petrikiene.com\/en\/wp-json\/wp\/v2\/media?parent=3471"}],"curies":[{"name":"wp","href":"https:\/\/api.w.org\/{rel}","templated":true}]}}