{"id":4519,"date":"2025-03-31T09:48:56","date_gmt":"2025-03-31T09:48:56","guid":{"rendered":"https:\/\/petrikiene.com\/?page_id=4519"},"modified":"2025-03-31T09:49:17","modified_gmt":"2025-03-31T09:49:17","slug":"naujienos","status":"publish","type":"page","link":"https:\/\/petrikiene.com\/en\/naujienos\/","title":{"rendered":"News"},"content":{"rendered":"<p><div class=\"fusion-fullwidth fullwidth-box fusion-builder-row-1 fusion-flex-container has-pattern-background has-mask-background hundred-percent-fullwidth non-hundred-percent-height-scrolling\" style=\"--awb-border-radius-top-left:0px;--awb-border-radius-top-right:0px;--awb-border-radius-bottom-right:0px;--awb-border-radius-bottom-left:0px;--awb-padding-top:30px;--awb-padding-right:80px;--awb-padding-left:131px;--awb-padding-left-small:24px;--awb-margin-top:0px;--awb-margin-bottom:60px;--awb-margin-bottom-small:0px;--awb-flex-wrap:wrap;\" ><div class=\"fusion-builder-row fusion-row fusion-flex-align-items-flex-start fusion-flex-content-wrap\" style=\"width:104% !important;max-width:104% !important;margin-left: calc(-4% \/ 2 );margin-right: calc(-4% \/ 2 );\"><div class=\"fusion-layout-column fusion_builder_column fusion-builder-column-0 fusion_builder_column_1_1 1_1 fusion-flex-column fusion-flex-align-self-center\" style=\"--awb-bg-size:cover;--awb-width-large:100%;--awb-margin-top-large:0px;--awb-spacing-right-large:0%;--awb-margin-bottom-large:0px;--awb-spacing-left-large:0%;--awb-width-medium:100%;--awb-order-medium:0;--awb-spacing-right-medium:0%;--awb-spacing-left-medium:0%;--awb-width-small:100%;--awb-order-small:0;--awb-spacing-right-small:1.92%;--awb-spacing-left-small:1.92%;\" data-scroll-devices=\"small-visibility,medium-visibility,large-visibility\"><div class=\"fusion-column-wrapper fusion-column-has-shadow fusion-flex-justify-content-flex-start fusion-content-layout-row fusion-flex-align-items-center\"><div class=\"fusion-image-element\" style=\"text-align:center;--awb-margin-top:12px;--awb-max-width:89px;--awb-caption-title-font-family:var(--h2_typography-font-family);--awb-caption-title-font-weight:var(--h2_typography-font-weight);--awb-caption-title-font-style:var(--h2_typography-font-style);--awb-caption-title-size:var(--h2_typography-font-size);--awb-caption-title-transform:var(--h2_typography-text-transform);--awb-caption-title-line-height:var(--h2_typography-line-height);--awb-caption-title-letter-spacing:var(--h2_typography-letter-spacing);\"><span class=\"fusion-imageframe imageframe-none imageframe-1 hover-type-none\"><img decoding=\"async\" width=\"218\" height=\"2\" src=\"https:\/\/petrikiene.com\/wp-content\/uploads\/2024\/05\/Line-18.png\" data-orig-src=\"https:\/\/petrikiene.com\/wp-content\/uploads\/2024\/05\/Line-18.png\" alt class=\"lazyload img-responsive wp-image-3677\" srcset=\"data:image\/svg+xml,%3Csvg%20xmlns%3D%27http%3A%2F%2Fwww.w3.org%2F2000%2Fsvg%27%20width%3D%27218%27%20height%3D%272%27%20viewBox%3D%270%200%20218%202%27%3E%3Crect%20width%3D%27218%27%20height%3D%272%27%20fill-opacity%3D%220%22%2F%3E%3C%2Fsvg%3E\" data-srcset=\"https:\/\/petrikiene.com\/wp-content\/uploads\/2024\/05\/Line-18-200x2.png 200w, https:\/\/petrikiene.com\/wp-content\/uploads\/2024\/05\/Line-18.png 218w\" data-sizes=\"auto\" data-orig-sizes=\"(max-width: 850px) 100vw, 218px\" \/><\/span><\/div><div ><a class=\"fusion-button button-flat button-large button-custom fusion-button-default button-1 fusion-button-span-no fusion-button-default-type\" style=\"--button_accent_color:var(--awb-color3);--button_accent_hover_color:#809785;--button_border_hover_color:var(--awb-color1);--button_gradient_top_color:var(--awb-color1);--button_gradient_bottom_color:var(--awb-color1);--button_gradient_top_color_hover:var(--awb-color1);--button_gradient_bottom_color_hover:var(--awb-color1);\" target=\"_self\"><span class=\"fusion-button-text awb-button__text awb-button__text--default\">News<\/span><\/a><\/div><\/div><\/div><\/div><\/div>\n<div class=\"fusion-fullwidth fullwidth-box fusion-builder-row-2 fusion-flex-container has-pattern-background has-mask-background hundred-percent-fullwidth non-hundred-percent-height-scrolling\" style=\"--awb-border-radius-top-left:0px;--awb-border-radius-top-right:0px;--awb-border-radius-bottom-right:0px;--awb-border-radius-bottom-left:0px;--awb-padding-right-small:0px;--awb-padding-left-small:0px;--awb-margin-bottom:114px;--awb-flex-wrap:wrap;\" ><div class=\"fusion-builder-row fusion-row fusion-flex-align-items-flex-start fusion-flex-content-wrap\" style=\"width:104% !important;max-width:104% !important;margin-left: calc(-4% \/ 2 );margin-right: calc(-4% \/ 2 );\"><div class=\"fusion-layout-column fusion_builder_column fusion-builder-column-1 fusion_builder_column_1_1 1_1 fusion-flex-column\" style=\"--awb-padding-right:183px;--awb-padding-left:105px;--awb-padding-right-small:20px;--awb-padding-left-small:20px;--awb-bg-size:cover;--awb-width-large:100%;--awb-margin-top-large:0px;--awb-spacing-right-large:1.92%;--awb-margin-bottom-large:0px;--awb-spacing-left-large:1.92%;--awb-width-medium:100%;--awb-order-medium:0;--awb-spacing-right-medium:1.92%;--awb-spacing-left-medium:1.92%;--awb-width-small:100%;--awb-order-small:0;--awb-spacing-right-small:1.92%;--awb-spacing-left-small:1.92%;\"><div class=\"fusion-column-wrapper fusion-column-has-shadow fusion-flex-justify-content-flex-start fusion-content-layout-column\"><div class=\"fusion-post-cards fusion-post-cards-1 fusion-grid-archive fusion-grid-columns-2\" style=\"--awb-dots-align:center;--awb-columns:2;--awb-active-filter-border-size:3px;--awb-filters-height:36px;\"><ul class=\"fusion-grid fusion-grid-2 fusion-flex-align-items-flex-start fusion-grid-posts-cards\"><li class=\"fusion-layout-column fusion_builder_column fusion-builder-column-2 fusion-flex-column post-card fusion-grid-column fusion-post-cards-grid-column\" style=\"--awb-bg-blend:overlay;--awb-bg-size:cover;--awb-flex-grow:800px;--awb-flex-shrink:768px;\" data-scroll-devices=\"small-visibility,medium-visibility,large-visibility\"><div class=\"fusion-column-wrapper fusion-column-has-shadow fusion-flex-justify-content-space-evenly fusion-content-layout-column\"><div class=\"fusion-classic-product-image-wrapper fusion-woo-product-image fusion-post-card-image fusion-post-card-image-1 has-aspect-ratio\" data-layout=\"static\" style=\"--awb-aspect-ratio:1;\"><div  class=\"fusion-image-wrapper\" aria-haspopup=\"true\">\n\t\t\t\t\t\t\t<a href=\"https:\/\/petrikiene.com\/en\/vilma-petrikiene-skaite-pranesima-sveikatai-skirtoje-parodoje-kunas-girdi-mintis\/\" aria-label=\"Vilma Petrikien\u0117 skait\u0117 prane\u0161im\u0105 Sveikatai skirtoje parodoje \u201eK\u016bnas girdi mintis\u201c\">\n\t\t\t\t\t\t\t<img decoding=\"async\" width=\"2048\" height=\"1536\" src=\"https:\/\/petrikiene.com\/wp-content\/uploads\/2024\/11\/476759636_122184844448122706_6270169080469617156_n.jpg\" class=\"attachment-full size-full lazyload wp-post-image\" alt=\"\" srcset=\"data:image\/svg+xml,%3Csvg%20xmlns%3D%27http%3A%2F%2Fwww.w3.org%2F2000%2Fsvg%27%20width%3D%272048%27%20height%3D%271536%27%20viewBox%3D%270%200%202048%201536%27%3E%3Crect%20width%3D%272048%27%20height%3D%271536%27%20fill-opacity%3D%220%22%2F%3E%3C%2Fsvg%3E\" data-orig-src=\"https:\/\/petrikiene.com\/wp-content\/uploads\/2024\/11\/476759636_122184844448122706_6270169080469617156_n.jpg\" data-srcset=\"https:\/\/petrikiene.com\/wp-content\/uploads\/2024\/11\/476759636_122184844448122706_6270169080469617156_n-200x150.jpg 200w, https:\/\/petrikiene.com\/wp-content\/uploads\/2024\/11\/476759636_122184844448122706_6270169080469617156_n-400x300.jpg 400w, https:\/\/petrikiene.com\/wp-content\/uploads\/2024\/11\/476759636_122184844448122706_6270169080469617156_n-600x450.jpg 600w, https:\/\/petrikiene.com\/wp-content\/uploads\/2024\/11\/476759636_122184844448122706_6270169080469617156_n-800x600.jpg 800w, https:\/\/petrikiene.com\/wp-content\/uploads\/2024\/11\/476759636_122184844448122706_6270169080469617156_n-1200x900.jpg 1200w, https:\/\/petrikiene.com\/wp-content\/uploads\/2024\/11\/476759636_122184844448122706_6270169080469617156_n.jpg 2048w\" data-sizes=\"auto\" \/>\t\t\t<\/a>\n\t\t\t\t\t\t\t<\/div>\n<\/div><div class=\"fusion-title title fusion-title-1 fusion-sep-none fusion-title-text fusion-title-size-four\" style=\"--awb-text-color:var(--awb-color3);--awb-margin-top:20px;--awb-margin-bottom:10px;--awb-font-size:20px;\"><h4 class=\"fusion-title-heading title-heading-left fusion-responsive-typography-calculated\" style=\"margin:0;font-size:1em;text-transform:none;--fontSize:20;--minFontSize:20;line-height:1.4;\">Vilma Petrikien\u0117 skait\u0117 prane\u0161im\u0105 Sveikatai skirtoje parodoje \u201eK\u016bnas girdi mintis\u201c<\/h4><\/div><div class=\"fusion-text fusion-text-1\"><p>November 3, 2024<\/p>\n<\/div><\/div><\/li>\n<li class=\"fusion-layout-column fusion_builder_column fusion-builder-column-3 fusion-flex-column post-card fusion-grid-column fusion-post-cards-grid-column\" style=\"--awb-bg-blend:overlay;--awb-bg-size:cover;--awb-flex-grow:800px;--awb-flex-shrink:768px;\" data-scroll-devices=\"small-visibility,medium-visibility,large-visibility\"><div class=\"fusion-column-wrapper fusion-column-has-shadow fusion-flex-justify-content-space-evenly fusion-content-layout-column\"><div class=\"fusion-classic-product-image-wrapper fusion-woo-product-image fusion-post-card-image fusion-post-card-image-1 has-aspect-ratio\" data-layout=\"static\" style=\"--awb-aspect-ratio:1;\"><div  class=\"fusion-image-wrapper\" aria-haspopup=\"true\">\n\t\t\t\t\t\t\t<a href=\"https:\/\/petrikiene.com\/en\/postumiu-i-pogimdymine-depresija-gali-tapti-ir-empatijos-trukumas-visuomeneje\/\" aria-label=\"Post\u016bmiu \u012f pogimdymin\u0119 depresij\u0105 gali tapti ir empatijos tr\u016bkumas visuomen\u0117je\">\n\t\t\t\t\t\t\t<img decoding=\"async\" width=\"1920\" height=\"1138\" src=\"https:\/\/petrikiene.com\/wp-content\/uploads\/2024\/11\/0a6f2b79-1de6-4c60-8ea7-7dbca18581da.jpg\" class=\"attachment-full size-full lazyload wp-post-image\" alt=\"\" srcset=\"data:image\/svg+xml,%3Csvg%20xmlns%3D%27http%3A%2F%2Fwww.w3.org%2F2000%2Fsvg%27%20width%3D%271920%27%20height%3D%271138%27%20viewBox%3D%270%200%201920%201138%27%3E%3Crect%20width%3D%271920%27%20height%3D%271138%27%20fill-opacity%3D%220%22%2F%3E%3C%2Fsvg%3E\" data-orig-src=\"https:\/\/petrikiene.com\/wp-content\/uploads\/2024\/11\/0a6f2b79-1de6-4c60-8ea7-7dbca18581da.jpg\" data-srcset=\"https:\/\/petrikiene.com\/wp-content\/uploads\/2024\/11\/0a6f2b79-1de6-4c60-8ea7-7dbca18581da-200x119.jpg 200w, https:\/\/petrikiene.com\/wp-content\/uploads\/2024\/11\/0a6f2b79-1de6-4c60-8ea7-7dbca18581da-400x237.jpg 400w, https:\/\/petrikiene.com\/wp-content\/uploads\/2024\/11\/0a6f2b79-1de6-4c60-8ea7-7dbca18581da-600x356.jpg 600w, https:\/\/petrikiene.com\/wp-content\/uploads\/2024\/11\/0a6f2b79-1de6-4c60-8ea7-7dbca18581da-800x474.jpg 800w, https:\/\/petrikiene.com\/wp-content\/uploads\/2024\/11\/0a6f2b79-1de6-4c60-8ea7-7dbca18581da-1200x711.jpg 1200w, https:\/\/petrikiene.com\/wp-content\/uploads\/2024\/11\/0a6f2b79-1de6-4c60-8ea7-7dbca18581da.jpg 1920w\" data-sizes=\"auto\" \/>\t\t\t<\/a>\n\t\t\t\t\t\t\t<\/div>\n<\/div><div class=\"fusion-title title fusion-title-2 fusion-sep-none fusion-title-text fusion-title-size-four\" style=\"--awb-text-color:var(--awb-color3);--awb-margin-top:20px;--awb-margin-bottom:10px;--awb-font-size:20px;\"><h4 class=\"fusion-title-heading title-heading-left fusion-responsive-typography-calculated\" style=\"margin:0;font-size:1em;text-transform:none;--fontSize:20;--minFontSize:20;line-height:1.4;\">Post\u016bmiu \u012f pogimdymin\u0119 depresij\u0105 gali tapti ir empatijos tr\u016bkumas visuomen\u0117je<\/h4><\/div><div class=\"fusion-text fusion-text-2\"><p>September 26, 2024<\/p>\n<\/div><\/div><\/li>\n<li class=\"fusion-layout-column fusion_builder_column fusion-builder-column-4 fusion-flex-column post-card fusion-grid-column fusion-post-cards-grid-column\" style=\"--awb-bg-blend:overlay;--awb-bg-size:cover;--awb-flex-grow:800px;--awb-flex-shrink:768px;\" data-scroll-devices=\"small-visibility,medium-visibility,large-visibility\"><div class=\"fusion-column-wrapper fusion-column-has-shadow fusion-flex-justify-content-space-evenly fusion-content-layout-column\"><div class=\"fusion-classic-product-image-wrapper fusion-woo-product-image fusion-post-card-image fusion-post-card-image-1 has-aspect-ratio\" data-layout=\"static\" style=\"--awb-aspect-ratio:1;\"><div  class=\"fusion-image-wrapper\" aria-haspopup=\"true\">\n\t\t\t\t\t\t\t<a href=\"https:\/\/petrikiene.com\/en\/vilma-petrikiene-prisijunge-prie-pogimdymines-depresijos-centro-specialistu-komandos\/\" aria-label=\"Vilma Petrikien\u0117 prisijung\u0117 prie Pogimdymin\u0117s depresijos centro specialist\u0173 komandos\">\n\t\t\t\t\t\t\t<img decoding=\"async\" width=\"536\" height=\"528\" src=\"https:\/\/petrikiene.com\/wp-content\/uploads\/2025\/04\/Group-62.png\" class=\"attachment-full size-full lazyload wp-post-image\" alt=\"\" srcset=\"data:image\/svg+xml,%3Csvg%20xmlns%3D%27http%3A%2F%2Fwww.w3.org%2F2000%2Fsvg%27%20width%3D%27536%27%20height%3D%27528%27%20viewBox%3D%270%200%20536%20528%27%3E%3Crect%20width%3D%27536%27%20height%3D%27528%27%20fill-opacity%3D%220%22%2F%3E%3C%2Fsvg%3E\" data-orig-src=\"https:\/\/petrikiene.com\/wp-content\/uploads\/2025\/04\/Group-62.png\" data-srcset=\"https:\/\/petrikiene.com\/wp-content\/uploads\/2025\/04\/Group-62-200x197.png 200w, https:\/\/petrikiene.com\/wp-content\/uploads\/2025\/04\/Group-62-400x394.png 400w, https:\/\/petrikiene.com\/wp-content\/uploads\/2025\/04\/Group-62.png 536w\" data-sizes=\"auto\" \/>\t\t\t<\/a>\n\t\t\t\t\t\t\t<\/div>\n<\/div><div class=\"fusion-title title fusion-title-3 fusion-sep-none fusion-title-text fusion-title-size-four\" style=\"--awb-text-color:var(--awb-color3);--awb-margin-top:20px;--awb-margin-bottom:10px;--awb-font-size:20px;\"><h4 class=\"fusion-title-heading title-heading-left fusion-responsive-typography-calculated\" style=\"margin:0;font-size:1em;text-transform:none;--fontSize:20;--minFontSize:20;line-height:1.4;\">Vilma Petrikien\u0117 prisijung\u0117 prie Pogimdymin\u0117s depresijos centro specialist\u0173 komandos<\/h4><\/div><div class=\"fusion-text fusion-text-3\"><p>June 3, 2024<\/p>\n<\/div><\/div><\/li>\n<li class=\"fusion-layout-column fusion_builder_column fusion-builder-column-5 fusion-flex-column post-card fusion-grid-column fusion-post-cards-grid-column\" style=\"--awb-bg-blend:overlay;--awb-bg-size:cover;--awb-flex-grow:800px;--awb-flex-shrink:768px;\" data-scroll-devices=\"small-visibility,medium-visibility,large-visibility\"><div class=\"fusion-column-wrapper fusion-column-has-shadow fusion-flex-justify-content-space-evenly fusion-content-layout-column\"><div class=\"fusion-classic-product-image-wrapper fusion-woo-product-image fusion-post-card-image fusion-post-card-image-1 has-aspect-ratio\" data-layout=\"static\" style=\"--awb-aspect-ratio:1;\"><div  class=\"fusion-image-wrapper\" aria-haspopup=\"true\">\n\t\t\t\t\t\t\t<a href=\"https:\/\/petrikiene.com\/en\/vilma-petrikiene-dalinasi-izvalgomis-apie-tevyste-ir-motinyste\/\" aria-label=\"Vilma Petrikien\u0117 dalinasi \u012f\u017evalgomis apie t\u0117vyst\u0119 ir motinyst\u0119\">\n\t\t\t\t\t\t\t<img decoding=\"async\" width=\"536\" height=\"528\" src=\"https:\/\/petrikiene.com\/wp-content\/uploads\/2024\/01\/Group-64-1.png\" class=\"attachment-full size-full lazyload wp-post-image\" alt=\"\" srcset=\"data:image\/svg+xml,%3Csvg%20xmlns%3D%27http%3A%2F%2Fwww.w3.org%2F2000%2Fsvg%27%20width%3D%27536%27%20height%3D%27528%27%20viewBox%3D%270%200%20536%20528%27%3E%3Crect%20width%3D%27536%27%20height%3D%27528%27%20fill-opacity%3D%220%22%2F%3E%3C%2Fsvg%3E\" data-orig-src=\"https:\/\/petrikiene.com\/wp-content\/uploads\/2024\/01\/Group-64-1.png\" data-srcset=\"https:\/\/petrikiene.com\/wp-content\/uploads\/2024\/01\/Group-64-1-200x197.png 200w, https:\/\/petrikiene.com\/wp-content\/uploads\/2024\/01\/Group-64-1-400x394.png 400w, https:\/\/petrikiene.com\/wp-content\/uploads\/2024\/01\/Group-64-1.png 536w\" data-sizes=\"auto\" \/>\t\t\t<\/a>\n\t\t\t\t\t\t\t<\/div>\n<\/div><div class=\"fusion-title title fusion-title-4 fusion-sep-none fusion-title-text fusion-title-size-four\" style=\"--awb-text-color:var(--awb-color3);--awb-margin-top:20px;--awb-margin-bottom:10px;--awb-font-size:20px;\"><h4 class=\"fusion-title-heading title-heading-left fusion-responsive-typography-calculated\" style=\"margin:0;font-size:1em;text-transform:none;--fontSize:20;--minFontSize:20;line-height:1.4;\">Vilma Petrikien\u0117 dalinasi \u012f\u017evalgomis apie t\u0117vyst\u0119 ir motinyst\u0119<\/h4><\/div><div class=\"fusion-text fusion-text-4\"><p>January 23, 2024<\/p>\n<\/div><\/div><\/li>\n<\/ul><\/div><\/div><\/div><\/div><\/div><\/p>","protected":false},"excerpt":{"rendered":"","protected":false},"author":1,"featured_media":0,"parent":0,"menu_order":0,"comment_status":"closed","ping_status":"closed","template":"100-width.php","meta":{"_acf_changed":false,"footnotes":""},"class_list":["post-4519","page","type-page","status-publish","hentry"],"acf":[],"yoast_head":"<!-- This site is optimized with the Yoast SEO plugin v25.5 - https:\/\/yoast.com\/wordpress\/plugins\/seo\/ -->\n<title>Naujienos - Psicholog\u0117 hipnoterapeut\u0117 Vilma Petrikien\u0117<\/title>\n<meta name=\"robots\" content=\"index, follow, max-snippet:-1, max-image-preview:large, max-video-preview:-1\" \/>\n<link rel=\"canonical\" href=\"https:\/\/petrikiene.com\/en\/naujienos\/\" \/>\n<meta property=\"og:locale\" content=\"en_GB\" \/>\n<meta property=\"og:type\" content=\"article\" \/>\n<meta property=\"og:title\" content=\"Naujienos - Psicholog\u0117 hipnoterapeut\u0117 Vilma Petrikien\u0117\" \/>\n<meta property=\"og:url\" content=\"https:\/\/petrikiene.com\/en\/naujienos\/\" \/>\n<meta property=\"og:site_name\" content=\"Psicholog\u0117 hipnoterapeut\u0117 Vilma Petrikien\u0117\" \/>\n<meta property=\"article:modified_time\" content=\"2025-03-31T09:49:17+00:00\" \/>\n<meta name=\"twitter:card\" content=\"summary_large_image\" \/>\n<meta name=\"twitter:label1\" content=\"Estimated reading time\" \/>\n\t<meta name=\"twitter:data1\" content=\"4 minutes\" \/>\n<script type=\"application\/ld+json\" class=\"yoast-schema-graph\">{\"@context\":\"https:\/\/schema.org\",\"@graph\":[{\"@type\":\"WebPage\",\"@id\":\"https:\/\/petrikiene.com\/naujienos\/\",\"url\":\"https:\/\/petrikiene.com\/naujienos\/\",\"name\":\"Naujienos - Psicholog\u0117 hipnoterapeut\u0117 Vilma Petrikien\u0117\",\"isPartOf\":{\"@id\":\"https:\/\/petrikiene.com\/#website\"},\"datePublished\":\"2025-03-31T09:48:56+00:00\",\"dateModified\":\"2025-03-31T09:49:17+00:00\",\"breadcrumb\":{\"@id\":\"https:\/\/petrikiene.com\/naujienos\/#breadcrumb\"},\"inLanguage\":\"en-GB\",\"potentialAction\":[{\"@type\":\"ReadAction\",\"target\":[\"https:\/\/petrikiene.com\/naujienos\/\"]}]},{\"@type\":\"BreadcrumbList\",\"@id\":\"https:\/\/petrikiene.com\/naujienos\/#breadcrumb\",\"itemListElement\":[{\"@type\":\"ListItem\",\"position\":1,\"name\":\"Home\",\"item\":\"https:\/\/petrikiene.com\/lt\/\"},{\"@type\":\"ListItem\",\"position\":2,\"name\":\"Naujienos\"}]},{\"@type\":\"WebSite\",\"@id\":\"https:\/\/petrikiene.com\/#website\",\"url\":\"https:\/\/petrikiene.com\/\",\"name\":\"Psicholog\u0117 hipnoterapeut\u0117 Vilma Petrikien\u0117\",\"description\":\"\",\"potentialAction\":[{\"@type\":\"SearchAction\",\"target\":{\"@type\":\"EntryPoint\",\"urlTemplate\":\"https:\/\/petrikiene.com\/?s={search_term_string}\"},\"query-input\":{\"@type\":\"PropertyValueSpecification\",\"valueRequired\":true,\"valueName\":\"search_term_string\"}}],\"inLanguage\":\"en-GB\"}]}<\/script>\n<!-- \/ Yoast SEO plugin. -->","yoast_head_json":{"title":"Naujienos - Psicholog\u0117 hipnoterapeut\u0117 Vilma Petrikien\u0117","robots":{"index":"index","follow":"follow","max-snippet":"max-snippet:-1","max-image-preview":"max-image-preview:large","max-video-preview":"max-video-preview:-1"},"canonical":"https:\/\/petrikiene.com\/en\/naujienos\/","og_locale":"en_GB","og_type":"article","og_title":"Naujienos - Psicholog\u0117 hipnoterapeut\u0117 Vilma Petrikien\u0117","og_url":"https:\/\/petrikiene.com\/en\/naujienos\/","og_site_name":"Psicholog\u0117 hipnoterapeut\u0117 Vilma Petrikien\u0117","article_modified_time":"2025-03-31T09:49:17+00:00","twitter_card":"summary_large_image","twitter_misc":{"Estimated reading time":"4 minutes"},"schema":{"@context":"https:\/\/schema.org","@graph":[{"@type":"WebPage","@id":"https:\/\/petrikiene.com\/naujienos\/","url":"https:\/\/petrikiene.com\/naujienos\/","name":"Naujienos - Psicholog\u0117 hipnoterapeut\u0117 Vilma Petrikien\u0117","isPartOf":{"@id":"https:\/\/petrikiene.com\/#website"},"datePublished":"2025-03-31T09:48:56+00:00","dateModified":"2025-03-31T09:49:17+00:00","breadcrumb":{"@id":"https:\/\/petrikiene.com\/naujienos\/#breadcrumb"},"inLanguage":"en-GB","potentialAction":[{"@type":"ReadAction","target":["https:\/\/petrikiene.com\/naujienos\/"]}]},{"@type":"BreadcrumbList","@id":"https:\/\/petrikiene.com\/naujienos\/#breadcrumb","itemListElement":[{"@type":"ListItem","position":1,"name":"Home","item":"https:\/\/petrikiene.com\/lt\/"},{"@type":"ListItem","position":2,"name":"Naujienos"}]},{"@type":"WebSite","@id":"https:\/\/petrikiene.com\/#website","url":"https:\/\/petrikiene.com\/","name":"Psicholog\u0117 hipnoterapeut\u0117 Vilma Petrikien\u0117","description":"","potentialAction":[{"@type":"SearchAction","target":{"@type":"EntryPoint","urlTemplate":"https:\/\/petrikiene.com\/?s={search_term_string}"},"query-input":{"@type":"PropertyValueSpecification","valueRequired":true,"valueName":"search_term_string"}}],"inLanguage":"en-GB"}]}},"_links":{"self":[{"href":"https:\/\/petrikiene.com\/en\/wp-json\/wp\/v2\/pages\/4519","targetHints":{"allow":["GET"]}}],"collection":[{"href":"https:\/\/petrikiene.com\/en\/wp-json\/wp\/v2\/pages"}],"about":[{"href":"https:\/\/petrikiene.com\/en\/wp-json\/wp\/v2\/types\/page"}],"author":[{"embeddable":true,"href":"https:\/\/petrikiene.com\/en\/wp-json\/wp\/v2\/users\/1"}],"replies":[{"embeddable":true,"href":"https:\/\/petrikiene.com\/en\/wp-json\/wp\/v2\/comments?post=4519"}],"version-history":[{"count":0,"href":"https:\/\/petrikiene.com\/en\/wp-json\/wp\/v2\/pages\/4519\/revisions"}],"wp:attachment":[{"href":"https:\/\/petrikiene.com\/en\/wp-json\/wp\/v2\/media?parent=4519"}],"curies":[{"name":"wp","href":"https:\/\/api.w.org\/{rel}","templated":true}]}}