{"id":3471,"date":"2024-05-13T03:57:16","date_gmt":"2024-05-13T03:57:16","guid":{"rendered":"https:\/\/petrikiene.com\/?page_id=3471"},"modified":"2025-04-05T20:55:45","modified_gmt":"2025-04-05T20:55:45","slug":"duk","status":"publish","type":"page","link":"https:\/\/petrikiene.com\/lt\/duk\/","title":{"rendered":"DUK"},"content":{"rendered":"<p><div class=\"fusion-fullwidth fullwidth-box fusion-builder-row-1 fusion-flex-container has-pattern-background has-mask-background hundred-percent-fullwidth non-hundred-percent-height-scrolling\" style=\"--awb-border-radius-top-left:0px;--awb-border-radius-top-right:0px;--awb-border-radius-bottom-right:0px;--awb-border-radius-bottom-left:0px;--awb-padding-top:30px;--awb-padding-right:80px;--awb-padding-left:131px;--awb-padding-left-small:24px;--awb-margin-top:0px;--awb-margin-bottom:60px;--awb-margin-bottom-small:0px;--awb-flex-wrap:wrap;\" ><div class=\"fusion-builder-row fusion-row fusion-flex-align-items-flex-start fusion-flex-content-wrap\" style=\"width:104% !important;max-width:104% !important;margin-left: calc(-4% \/ 2 );margin-right: calc(-4% \/ 2 );\"><div class=\"fusion-layout-column fusion_builder_column fusion-builder-column-0 fusion_builder_column_1_1 1_1 fusion-flex-column fusion-flex-align-self-center\" style=\"--awb-bg-size:cover;--awb-width-large:100%;--awb-margin-top-large:0px;--awb-spacing-right-large:0%;--awb-margin-bottom-large:0px;--awb-spacing-left-large:0%;--awb-width-medium:100%;--awb-order-medium:0;--awb-spacing-right-medium:0%;--awb-spacing-left-medium:0%;--awb-width-small:100%;--awb-order-small:0;--awb-spacing-right-small:1.92%;--awb-spacing-left-small:1.92%;\" data-scroll-devices=\"small-visibility,medium-visibility,large-visibility\"><div class=\"fusion-column-wrapper fusion-column-has-shadow fusion-flex-justify-content-flex-start fusion-content-layout-row fusion-flex-align-items-center\"><div class=\"fusion-image-element \" style=\"text-align:center;--awb-margin-top:12px;--awb-max-width:89px;--awb-caption-title-font-family:var(--h2_typography-font-family);--awb-caption-title-font-weight:var(--h2_typography-font-weight);--awb-caption-title-font-style:var(--h2_typography-font-style);--awb-caption-title-size:var(--h2_typography-font-size);--awb-caption-title-transform:var(--h2_typography-text-transform);--awb-caption-title-line-height:var(--h2_typography-line-height);--awb-caption-title-letter-spacing:var(--h2_typography-letter-spacing);\"><span class=\" fusion-imageframe imageframe-none imageframe-1 hover-type-none\"><img decoding=\"async\" width=\"218\" height=\"2\" src=\"https:\/\/petrikiene.com\/wp-content\/uploads\/2024\/05\/Line-18.png\" data-orig-src=\"https:\/\/petrikiene.com\/wp-content\/uploads\/2024\/05\/Line-18.png\" alt class=\"lazyload img-responsive wp-image-3677\" srcset=\"data:image\/svg+xml,%3Csvg%20xmlns%3D%27http%3A%2F%2Fwww.w3.org%2F2000%2Fsvg%27%20width%3D%27218%27%20height%3D%272%27%20viewBox%3D%270%200%20218%202%27%3E%3Crect%20width%3D%27218%27%20height%3D%272%27%20fill-opacity%3D%220%22%2F%3E%3C%2Fsvg%3E\" data-srcset=\"https:\/\/petrikiene.com\/wp-content\/uploads\/2024\/05\/Line-18-200x2.png 200w, https:\/\/petrikiene.com\/wp-content\/uploads\/2024\/05\/Line-18.png 218w\" data-sizes=\"auto\" data-orig-sizes=\"(max-width: 850px) 100vw, 218px\" \/><\/span><\/div><div ><a class=\"fusion-button button-flat button-large button-custom fusion-button-default button-1 fusion-button-span-no fusion-button-default-type\" style=\"--button_accent_color:var(--awb-color3);--button_accent_hover_color:#809785;--button_border_hover_color:var(--awb-color1);--button_gradient_top_color:var(--awb-color1);--button_gradient_bottom_color:var(--awb-color1);--button_gradient_top_color_hover:var(--awb-color1);--button_gradient_bottom_color_hover:var(--awb-color1);\" target=\"_self\"><span class=\"fusion-button-text awb-button__text awb-button__text--default\">DUK<\/span><\/a><\/div><\/div><\/div><\/div><\/div>\n<div class=\"fusion-fullwidth fullwidth-box fusion-builder-row-2 fusion-flex-container has-pattern-background has-mask-background hundred-percent-fullwidth non-hundred-percent-height-scrolling\" style=\"--awb-border-radius-top-left:0px;--awb-border-radius-top-right:0px;--awb-border-radius-bottom-right:0px;--awb-border-radius-bottom-left:0px;--awb-padding-right-small:0px;--awb-padding-left-small:0px;--awb-margin-bottom:114px;--awb-flex-wrap:wrap;\" ><div class=\"fusion-builder-row fusion-row fusion-flex-align-items-flex-start fusion-flex-content-wrap\" style=\"width:104% !important;max-width:104% !important;margin-left: calc(-4% \/ 2 );margin-right: calc(-4% \/ 2 );\"><div class=\"fusion-layout-column fusion_builder_column fusion-builder-column-1 fusion_builder_column_1_1 1_1 fusion-flex-column\" style=\"--awb-padding-right:183px;--awb-padding-left:105px;--awb-padding-right-small:20px;--awb-padding-left-small:20px;--awb-bg-size:cover;--awb-width-large:100%;--awb-margin-top-large:0px;--awb-spacing-right-large:1.92%;--awb-margin-bottom-large:0px;--awb-spacing-left-large:1.92%;--awb-width-medium:100%;--awb-order-medium:0;--awb-spacing-right-medium:1.92%;--awb-spacing-left-medium:1.92%;--awb-width-small:100%;--awb-order-small:0;--awb-spacing-right-small:1.92%;--awb-spacing-left-small:1.92%;\"><div class=\"fusion-column-wrapper fusion-column-has-shadow fusion-flex-justify-content-flex-start fusion-content-layout-column\"><div class=\"accordian fusion-accordian\" style=\"--awb-padding-top:0px;--awb-padding-bottom:0px;--awb-border-size:0px;--awb-icon-size:16px;--awb-content-font-size:22px;--awb-content-text-transform:none;--awb-content-line-height:1.2;--awb-icon-alignment:left;--awb-hover-color:var(--awb-color3);--awb-border-color:var(--awb-color3);--awb-background-color:var(--awb-color3);--awb-divider-color:var(--awb-color3);--awb-divider-hover-color:var(--awb-color3);--awb-icon-color:var(--awb-color1);--awb-title-color:var(--awb-color1);--awb-content-color:var(--awb-color1);--awb-icon-box-color:var(--awb-color8);--awb-toggle-hover-accent-color:var(--awb-color1);--awb-toggle-active-accent-color:var(--awb-color1);--awb-title-font-family:&quot;Outfit&quot;;--awb-title-font-weight:400;--awb-title-font-style:normal;--awb-title-font-size:20px;--awb-title-line-height:1.1;--awb-title-text-transform:none;--awb-content-font-family:&quot;Outfit&quot;;--awb-content-font-style:normal;--awb-content-font-weight:400;\"><div class=\"panel-group fusion-toggle-icon-unboxed\" id=\"accordion-3471-1\"><div class=\"fusion-panel panel-default panel-74f409ad9beee9dae fusion-toggle-no-divider fusion-toggle-boxed-mode\"><div class=\"panel-heading\"><h4 class=\"panel-title toggle\" id=\"toggle_74f409ad9beee9dae\"><a aria-expanded=\"false\" aria-controls=\"74f409ad9beee9dae\" role=\"button\" data-toggle=\"collapse\" data-target=\"#74f409ad9beee9dae\" href=\"#74f409ad9beee9dae\"><span class=\"fusion-toggle-icon-wrapper\" aria-hidden=\"true\"><i class=\"fa-fusion-box active-icon fa-angle-up fas\" aria-hidden=\"true\"><\/i><i class=\"fa-fusion-box inactive-icon fa-angle-down fas\" aria-hidden=\"true\"><\/i><\/span><span class=\"fusion-toggle-heading\">K\u0105 pasirinkti: psichologin\u012f konsultavim\u0105 ar hipnoterapij\u0105?<\/span><\/a><\/h4><\/div><div id=\"74f409ad9beee9dae\" class=\"panel-collapse collapse \" aria-labelledby=\"toggle_74f409ad9beee9dae\"><div class=\"panel-body toggle-content fusion-clearfix\">\n<div class=\"highlighted-text\">\n<p>&nbsp;<\/p>\n<p>\u012e \u0161\u012f klausim\u0105 galima atsakyti keliais aspektais, atsi\u017evelgiant \u012f individualius poreikius, i\u0161\u0161\u016bki\u0173 pob\u016bd\u012f ir klient\u0173 pasirengim\u0105 tam tikroms terapin\u0117ms intervencijoms.<\/p>\n<p>PSICHOLOGINIS KONSULTAVIMAS<br \/>Tai procesas, kurio metu klientai su psichologe kalbasi, analizuoja problemas, mokosi nauj\u0173 \u012fg\u016bd\u017ei\u0173 ir kei\u010dia savo m\u0105stym\u0105 ar elges\u012f. Konsultavimas da\u017enai:<br \/>&#8211; Tinka tiems, kurie nori suprasti savo problemas ir ie\u0161ko ilgalaiki\u0173 sprendim\u0173.<br \/>&#8211; Remiasi refleksijos procesu, padedan\u010diu jiems \u012fsis\u0105moninti savo jausmus, mintis ir elges\u012f.<br \/>&#8211; Naudojamas santyki\u0173, emocini\u0173 sunkum\u0173, savivert\u0117s klausim\u0173, profesini\u0173 ar \u0161eimynini\u0173, t\u0117vyst\u0117s i\u0161\u0161\u016bki\u0173 sprendimui.<br \/>&#8211; Efektyvus, kai reikia reguliaraus palaikymo ir ilgalaikio emocin\u0117s sveikatos gerinimo.<\/p>\n<p>HIPNOTERAPIJA<br \/>Tai greitesnis, giluminis metodas, kai per hipnoz\u0119 dirbama su pas\u0105mon\u0117je esan\u010diais \u012fsitikinimais, prisiminimais ir elgesio modeliais. Hipnoterapija gali b\u016bti naudinga, kai:<br \/>&#8211; Yra specifin\u0117 problema, kuri\u0105 reikia greitai spr\u0119sti (pvz., fobijos, traumos, nerimas, priklausomyb\u0117s, \u012fpro\u010di\u0173 keitimas).<br \/>&#8211; Asmuo yra atviras darbui su pas\u0105mone ir lengvai pasiekia hipnotin\u0119 b\u016bsen\u0105.<br \/>&#8211; Reikia pasiekti giliai \u012fsi\u0161aknijusius \u012fsitikinimus ir emocinius blokavimus, kuri\u0173 ne\u012fmanoma lengvai i\u0161spr\u0119sti vien s\u0105moningais pokalbiais.<br \/>&#8211; Naudojama kartu su kitais metodais, pavyzd\u017eiui, psichologiniu konsultavimu, siekiant efektyvesni\u0173 rezultat\u0173.<\/p>\n<p>KURIS METODAS GERESNIS?<br \/>N\u0117ra universalaus atsakymo. Vieniems \u017emon\u0117ms labiau tinka psichologinis konsultavimas, kitiems \u2013 hipnoterapija, o dar kitiems geriausi rezultatai pasiekiami derinant abu metodus.<\/p>\n<p>Jei problema yra ilgalaik\u0117 ir reikalauja gilios savirefleksijos \u2013 gali b\u016bti naudinga prad\u0117ti nuo konsultavimo. Jei \u017emogus yra pasireng\u0119s greitesniam poky\u010diui ir turi konkret\u0173 tiksl\u0105 \u2013 hipnoterapija gali b\u016bti efektyvus b\u016bdas pasiekti norimus rezultatus per trumpesn\u012f laik\u0105.<\/p>\n<p><a href=\"https:\/\/petrikiene.com\/psichologinis-konsultavimas\/\">Daugiau apie psichologin\u012f konsultavim\u0105 \u2192<\/a><br \/><a href=\"https:\/\/petrikiene.com\/hipnoterapija\/\">Daugiau apie hipnoterapij\u0105 \u2192<\/a><\/p>\n<\/div>\n<\/div><\/div><\/div><div class=\"fusion-panel panel-default panel-79568294f31cb7996 fusion-toggle-no-divider fusion-toggle-boxed-mode\"><div class=\"panel-heading\"><h4 class=\"panel-title toggle\" id=\"toggle_79568294f31cb7996\"><a aria-expanded=\"false\" aria-controls=\"79568294f31cb7996\" role=\"button\" data-toggle=\"collapse\" data-target=\"#79568294f31cb7996\" href=\"#79568294f31cb7996\"><span class=\"fusion-toggle-icon-wrapper\" aria-hidden=\"true\"><i class=\"fa-fusion-box active-icon fa-angle-up fas\" aria-hidden=\"true\"><\/i><i class=\"fa-fusion-box inactive-icon fa-angle-down fas\" aria-hidden=\"true\"><\/i><\/span><span class=\"fusion-toggle-heading\"> Kas, jeigu manau, kad jau \u017einau i\u0161\u0161\u016bki\u0173 prie\u017east\u012f?<\/span><\/a><\/h4><\/div><div id=\"79568294f31cb7996\" class=\"panel-collapse collapse \" aria-labelledby=\"toggle_79568294f31cb7996\"><div class=\"panel-body toggle-content fusion-clearfix\">\n<div class=\"highlighted-text\">\n<p>Jei prie\u017eastis tikrai ai\u0161ki ir jos suvokimas jau atne\u0161\u0117 dalin\u012f palengv\u0117jim\u0105, gali pakakti psichologinio konsultavimo arba kryptingo darbo su savimi \u2013 kei\u010diant m\u0105stymo modelius, ugdant naujus \u012fg\u016bd\u017eius ir taikant praktinius metodus.Jei prie\u017eastis \u017einoma s\u0105moningai, bet problema vis dar egzistuoja, gali b\u016bti, kad ji yra giliai \u012fsi\u0161aknijusi pas\u0105mon\u0117je. Tokiu atveju hipnoterapija gali pad\u0117ti ne tik patvirtinti tai, k\u0105 \u017einojote, bet ir i\u0161kelti nauj\u0173 i\u0161\u0161\u016bkio aspekt\u0173. Taip pat pasitelk\u0119 hipnoterapij\u0105 galime perra\u0161yti emocines reakcijas ar \u012fsitikinimus, kurie trukdo keistis.<br \/>\nPavyzdys: jei \u017einote, kad j\u016bs\u0173 nerim\u0105 kelia vaikyst\u0117je gautas kritikos perteklius, bet vis tiek sunkiai priimate pastabas \u2013 vien \u017einojimas neb\u016btinai pad\u0117s. Hipnoterapija gali pad\u0117ti perra\u0161yti \u0161\u012f vidin\u012f atsak\u0105.<br \/>\nKitas pavyzdys: jei suprantate, kad vengiate tam tikr\u0173 situacij\u0173 d\u0117l slogi\u0173 praeities patir\u010di\u0173, bet s\u0105moningai jau\u010diate pasirengim\u0105 keistis, konsultavimas gali pad\u0117ti i\u0161sigryninti veiksm\u0173 plan\u0105.<\/p>\n<p>Esm\u0117 \u2013 ne tik suprasti, bet ir keisti vidines nuostatas, \u012fsitikinimus, m\u0105stymo paternus.<\/p>\n<\/div>\n<div class=\"toggle-content-grid\">\n<div class=\"text-column\">\n<p>J\u016bs\u0173 pas\u0105mon\u0117 \u017eino visus Jums reikalingus atsakymus.<br \/>\nSusisiekime ir aptarkime plan\u0105!<\/p>\n<\/div>\n<div class=\"button-column\"><div ><a class=\"fusion-button button-flat button-medium button-default fusion-button-default button-2 fusion-button-default-span fusion-button-default-type\" target=\"_blank\" rel=\"noopener noreferrer\" href=\"https:\/\/booking.moizmo.com\/lt\/booking\/da74b38e-1b77-49ac-a005-f9771d5517c0\"><span class=\"fusion-button-text awb-button__text awb-button__text--default\">Nemokamas pokalbis<\/span><\/a><\/div><\/div>\n<\/div>\n<\/div><\/div><\/div><div class=\"fusion-panel panel-default panel-12b5844a8b03be495 fusion-toggle-no-divider fusion-toggle-boxed-mode\"><div class=\"panel-heading\"><h4 class=\"panel-title toggle\" id=\"toggle_12b5844a8b03be495\"><a aria-expanded=\"false\" aria-controls=\"12b5844a8b03be495\" role=\"button\" data-toggle=\"collapse\" data-target=\"#12b5844a8b03be495\" href=\"#12b5844a8b03be495\"><span class=\"fusion-toggle-icon-wrapper\" aria-hidden=\"true\"><i class=\"fa-fusion-box active-icon fa-angle-up fas\" aria-hidden=\"true\"><\/i><i class=\"fa-fusion-box inactive-icon fa-angle-down fas\" aria-hidden=\"true\"><\/i><\/span><span class=\"fusion-toggle-heading\"> Kas geriau: gyvi susitikimai ar konsultacijos per nuotol\u012f?<\/span><\/a><\/h4><\/div><div id=\"12b5844a8b03be495\" class=\"panel-collapse collapse \" aria-labelledby=\"toggle_12b5844a8b03be495\"><div class=\"panel-body toggle-content fusion-clearfix\">\n<div class=\"highlighted-text\">\n<p>Gyvi susitikimai labiau rekomenduojami, kai reikalingas stipresnis emocinis kontaktas, kai norisi saugios, jaukios terapin\u0117s erdv\u0117s ar kai yra poreikis atsitraukti i\u0161 savo kasdien\u0117s aplinkos.<\/p>\n<p>Nuotolin\u0117s konsultacijos puikiai tinka laik\u0105 taupantiems, efektyvumo siekiantiems klientams ar tiems, kuriems d\u0117l \u012fvairiausi\u0173 prie\u017eas\u010di\u0173 patogiau konsultuotis savo namuose, darbe ar kitoje vietoje. Nuotoliniai susitikimai atveria galimybes gauti terapines paslaugas gyvenant kitame mieste ar net kitoje \u0161alyje.<br \/>\nSvarbu pasir\u016bpinti tinkama aplinka, kad gal\u0117tum\u0117te maksimaliai atsipalaiduoti ir susikoncentruoti \u012f terapin\u012f darb\u0105.<\/p>\n<p>Tiek psichologinis konsultavimas, tiek hipnoterapija gali b\u016bti veiksmingi ir susitikus gyvai kabinete, ir per nuotol\u012f.<\/p>\n<\/div>\n<div class=\"toggle-content-grid\">\n<div class=\"text-column\">\n<p>Kas Jums svarbiau \u2013 gyvas kontaktas ar patogumas?<\/p>\n<\/div>\n<div class=\"button-column\"><div ><a class=\"fusion-button button-flat button-medium button-default fusion-button-default button-3 fusion-button-default-span fusion-button-default-type\" target=\"_blank\" rel=\"noopener noreferrer\" href=\"https:\/\/booking.moizmo.com\/lt\/booking\/da74b38e-1b77-49ac-a005-f9771d5517c0\"><span class=\"fusion-button-text awb-button__text awb-button__text--default\">Nemokamas pokalbis<\/span><\/a><\/div><\/div>\n<\/div>\n<\/div><\/div><\/div><div class=\"fusion-panel panel-default panel-e95bd844653924ef3 fusion-toggle-no-divider fusion-toggle-boxed-mode\"><div class=\"panel-heading\"><h4 class=\"panel-title toggle\" id=\"toggle_e95bd844653924ef3\"><a aria-expanded=\"false\" aria-controls=\"e95bd844653924ef3\" role=\"button\" data-toggle=\"collapse\" data-target=\"#e95bd844653924ef3\" href=\"#e95bd844653924ef3\"><span class=\"fusion-toggle-icon-wrapper\" aria-hidden=\"true\"><i class=\"fa-fusion-box active-icon fa-angle-up fas\" aria-hidden=\"true\"><\/i><i class=\"fa-fusion-box inactive-icon fa-angle-down fas\" aria-hidden=\"true\"><\/i><\/span><span class=\"fusion-toggle-heading\"> Kada pajusiu, pasteb\u0117siu poky\u010dius?<\/span><\/a><\/h4><\/div><div id=\"e95bd844653924ef3\" class=\"panel-collapse collapse \" aria-labelledby=\"toggle_e95bd844653924ef3\"><div class=\"panel-body toggle-content fusion-clearfix\">\n<div class=\"highlighted-text\">\n<p>Kiekvieno kliento atvejis yra unikalus, tad ir poky\u010dius jau\u010diame, pastebime skirtingai.Vieni klientai poky\u010dius pastebi i\u0161kart po konsultacijos ar po hipnoterapin\u0117s sesijos. Tai \u012fvardijama kaip palengv\u0117jimas, jau\u010diuosi ramiau, turiu vilties, kad&#8230;<\/p>\n<div>\n<p>Kiti klientai jau\u010dia, kad poky\u010diai tarsi akumuliuojasi: ir darbe skland\u017eiau dirbasi, ir su artimaisiais santykiai ger\u0117ja, ir apskritai gyvenimas malonesnis&#8230;<\/p>\n<p>O dar kiti gali \u012fvardinti \u012fvykusius poky\u010dius tik \u017evelgdami i\u0161 perspektyvos: pavyzd\u017eiui, jau metus laiko nebuvo migrenos priepuolio; ar su malonumu priimu komplimentus ir d\u017eiaugiuosi auk\u0161ta saviverte; arba A\u0161 pasakiau \u201ene\u201c ir nesijau\u010diu kalta(s). Ir pan.<\/p>\n<p>Kiekvieno \u017emogaus kelion\u0117 skirtinga, tad transformacija vyksta savu laiku.<\/p>\n<\/div>\n<\/div>\n<\/div><\/div><\/div><div class=\"fusion-panel panel-default panel-5f72c4ef99d196c40 fusion-toggle-no-divider fusion-toggle-boxed-mode\"><div class=\"panel-heading\"><h4 class=\"panel-title toggle\" id=\"toggle_5f72c4ef99d196c40\"><a aria-expanded=\"false\" aria-controls=\"5f72c4ef99d196c40\" role=\"button\" data-toggle=\"collapse\" data-target=\"#5f72c4ef99d196c40\" href=\"#5f72c4ef99d196c40\"><span class=\"fusion-toggle-icon-wrapper\" aria-hidden=\"true\"><i class=\"fa-fusion-box active-icon fa-angle-up fas\" aria-hidden=\"true\"><\/i><i class=\"fa-fusion-box inactive-icon fa-angle-down fas\" aria-hidden=\"true\"><\/i><\/span><span class=\"fusion-toggle-heading\">  Kiek susitikim\u0173 reikia, kad i\u0161spr\u0119s\u010diau patiriamus i\u0161\u0161\u016bkius?<\/span><\/a><\/h4><\/div><div id=\"5f72c4ef99d196c40\" class=\"panel-collapse collapse \" aria-labelledby=\"toggle_5f72c4ef99d196c40\"><div class=\"panel-body toggle-content fusion-clearfix\">\n<div class=\"highlighted-text\">Atsakymas \u012f \u0161\u012f klausim\u0105 priklauso nuo keli\u0173 veiksni\u0173: i\u0161\u0161\u016bki\u0173 pob\u016bd\u017eio, j\u0173 gilumo, individualios klient\u0173 patirties ir pasirengimo poky\u010diams.<\/p>\n<p>PSICHOLOGINIS KONSULTAVIMAS<br \/>\nda\u017enai yra t\u0119stinis procesas, kuriame vyksta giluminis sav\u0119s pa\u017einimas, \u012fsitikinim\u0173 keitimas ir nauj\u0173 \u012fg\u016bd\u017ei\u0173 formavimas.<br \/>\n&#8211; Kai kurios situacijos (pvz., su motinyste\/t\u0117vyste susij\u0119 klausimai, laikini gyvenimo sunkumai) gali b\u016bti i\u0161spr\u0119stos per kelis susitikimus (3\u20136 konsultacijos).<br \/>\n&#8211; Gilesn\u0117s, \u012fsitvirtinusios problemos (pvz., \u017eema savivert\u0117, ilgalaikis nerimas, santyki\u0173 i\u0161\u0161\u016bkiai) da\u017eniausiai reikalauja 10 ar daugiau konsultacij\u0173, priklausomai nuo klient\u0173 tempo.<br \/>\n&#8211; Terapinis darbas gali vykti ir ilgalaik\u0117je perspektyvoje (kelis m\u0117nesius ar metus), jei siekiama nuodugniai transformuoti vidinius mechanizmus.<div class=\"fusion-separator fusion-full-width-sep\" style=\"align-self: center;margin-left: auto;margin-right: auto;margin-top:30px;margin-bottom:30px;width:100%;\"><div class=\"fusion-separator-border sep-double sep-solid\" style=\"--awb-height:20px;--awb-amount:20px;border-color:var(--awb-color3);border-top-width:1px;border-bottom-width:1px;\"><\/div><\/div>HIPNOTERAPIJA<br \/>\ngali suteikti greitesnius poky\u010dius, nes veikia tiesiogiai su pas\u0105mone.<br \/>\n&#8211; Kai kurios specifin\u0117s problemos (pvz., fobijos, emocinis valgymas, savivert\u0117s blokai) gali b\u016bti i\u0161spr\u0119stos per 1\u20133 hipnoterapijos sesijas.<br \/>\n&#8211; Sud\u0117tingesni atvejai (pvz., vaikyst\u0117s traumos, gil\u016bs \u012fsitikinimai, ilgai trunkantis nerimas) gali reikalauti 3\u20136 sesij\u0173 ar individualiai pritaikyto proceso.<\/p>\n<p>\nSusitikim\u0173 skai\u010dius, j\u0173 da\u017enumas yra labai individualus ir priklauso nuo klient\u0173 unikali\u0173 aplinkybi\u0173 bei \u012fsitraukimo, bendradarbiavimo siekiant norim\u0173 terapini\u0173 rezultat\u0173.<\/div>\n<\/div><\/div><\/div><\/div><\/div><\/div><\/div><\/div><\/div><\/p>\n","protected":false},"excerpt":{"rendered":"","protected":false},"author":1,"featured_media":0,"parent":0,"menu_order":0,"comment_status":"closed","ping_status":"closed","template":"100-width.php","meta":{"_acf_changed":false,"footnotes":""},"class_list":["post-3471","page","type-page","status-publish","hentry"],"acf":[],"yoast_head":"<!-- This site is optimized with the Yoast SEO plugin v25.5 - https:\/\/yoast.com\/wordpress\/plugins\/seo\/ -->\n<title>DUK - Psicholog\u0117 hipnoterapeut\u0117 Vilma Petrikien\u0117<\/title>\n<meta name=\"robots\" content=\"index, follow, max-snippet:-1, max-image-preview:large, max-video-preview:-1\" \/>\n<link rel=\"canonical\" href=\"https:\/\/petrikiene.com\/lt\/duk\/\" \/>\n<meta property=\"og:locale\" content=\"lt_LT\" \/>\n<meta property=\"og:type\" content=\"article\" \/>\n<meta property=\"og:title\" content=\"DUK - Psicholog\u0117 hipnoterapeut\u0117 Vilma Petrikien\u0117\" \/>\n<meta property=\"og:url\" content=\"https:\/\/petrikiene.com\/lt\/duk\/\" \/>\n<meta property=\"og:site_name\" content=\"Psicholog\u0117 hipnoterapeut\u0117 Vilma Petrikien\u0117\" \/>\n<meta property=\"article:modified_time\" content=\"2025-04-05T20:55:45+00:00\" \/>\n<meta name=\"twitter:card\" content=\"summary_large_image\" \/>\n<script type=\"application\/ld+json\" class=\"yoast-schema-graph\">{\"@context\":\"https:\/\/schema.org\",\"@graph\":[{\"@type\":\"WebPage\",\"@id\":\"https:\/\/petrikiene.com\/duk\/\",\"url\":\"https:\/\/petrikiene.com\/duk\/\",\"name\":\"DUK - Psicholog\u0117 hipnoterapeut\u0117 Vilma Petrikien\u0117\",\"isPartOf\":{\"@id\":\"https:\/\/petrikiene.com\/#website\"},\"datePublished\":\"2024-05-13T03:57:16+00:00\",\"dateModified\":\"2025-04-05T20:55:45+00:00\",\"breadcrumb\":{\"@id\":\"https:\/\/petrikiene.com\/duk\/#breadcrumb\"},\"inLanguage\":\"lt-LT\",\"potentialAction\":[{\"@type\":\"ReadAction\",\"target\":[\"https:\/\/petrikiene.com\/duk\/\"]}]},{\"@type\":\"BreadcrumbList\",\"@id\":\"https:\/\/petrikiene.com\/duk\/#breadcrumb\",\"itemListElement\":[{\"@type\":\"ListItem\",\"position\":1,\"name\":\"Home\",\"item\":\"https:\/\/petrikiene.com\/lt\/\"},{\"@type\":\"ListItem\",\"position\":2,\"name\":\"DUK\"}]},{\"@type\":\"WebSite\",\"@id\":\"https:\/\/petrikiene.com\/#website\",\"url\":\"https:\/\/petrikiene.com\/\",\"name\":\"Psicholog\u0117 hipnoterapeut\u0117 Vilma Petrikien\u0117\",\"description\":\"\",\"potentialAction\":[{\"@type\":\"SearchAction\",\"target\":{\"@type\":\"EntryPoint\",\"urlTemplate\":\"https:\/\/petrikiene.com\/?s={search_term_string}\"},\"query-input\":{\"@type\":\"PropertyValueSpecification\",\"valueRequired\":true,\"valueName\":\"search_term_string\"}}],\"inLanguage\":\"lt-LT\"}]}<\/script>\n<!-- \/ Yoast SEO plugin. -->","yoast_head_json":{"title":"DUK - Psicholog\u0117 hipnoterapeut\u0117 Vilma Petrikien\u0117","robots":{"index":"index","follow":"follow","max-snippet":"max-snippet:-1","max-image-preview":"max-image-preview:large","max-video-preview":"max-video-preview:-1"},"canonical":"https:\/\/petrikiene.com\/lt\/duk\/","og_locale":"lt_LT","og_type":"article","og_title":"DUK - Psicholog\u0117 hipnoterapeut\u0117 Vilma Petrikien\u0117","og_url":"https:\/\/petrikiene.com\/lt\/duk\/","og_site_name":"Psicholog\u0117 hipnoterapeut\u0117 Vilma Petrikien\u0117","article_modified_time":"2025-04-05T20:55:45+00:00","twitter_card":"summary_large_image","schema":{"@context":"https:\/\/schema.org","@graph":[{"@type":"WebPage","@id":"https:\/\/petrikiene.com\/duk\/","url":"https:\/\/petrikiene.com\/duk\/","name":"DUK - Psicholog\u0117 hipnoterapeut\u0117 Vilma Petrikien\u0117","isPartOf":{"@id":"https:\/\/petrikiene.com\/#website"},"datePublished":"2024-05-13T03:57:16+00:00","dateModified":"2025-04-05T20:55:45+00:00","breadcrumb":{"@id":"https:\/\/petrikiene.com\/duk\/#breadcrumb"},"inLanguage":"lt-LT","potentialAction":[{"@type":"ReadAction","target":["https:\/\/petrikiene.com\/duk\/"]}]},{"@type":"BreadcrumbList","@id":"https:\/\/petrikiene.com\/duk\/#breadcrumb","itemListElement":[{"@type":"ListItem","position":1,"name":"Home","item":"https:\/\/petrikiene.com\/lt\/"},{"@type":"ListItem","position":2,"name":"DUK"}]},{"@type":"WebSite","@id":"https:\/\/petrikiene.com\/#website","url":"https:\/\/petrikiene.com\/","name":"Psicholog\u0117 hipnoterapeut\u0117 Vilma Petrikien\u0117","description":"","potentialAction":[{"@type":"SearchAction","target":{"@type":"EntryPoint","urlTemplate":"https:\/\/petrikiene.com\/?s={search_term_string}"},"query-input":{"@type":"PropertyValueSpecification","valueRequired":true,"valueName":"search_term_string"}}],"inLanguage":"lt-LT"}]}},"_links":{"self":[{"href":"https:\/\/petrikiene.com\/lt\/wp-json\/wp\/v2\/pages\/3471","targetHints":{"allow":["GET"]}}],"collection":[{"href":"https:\/\/petrikiene.com\/lt\/wp-json\/wp\/v2\/pages"}],"about":[{"href":"https:\/\/petrikiene.com\/lt\/wp-json\/wp\/v2\/types\/page"}],"author":[{"embeddable":true,"href":"https:\/\/petrikiene.com\/lt\/wp-json\/wp\/v2\/users\/1"}],"replies":[{"embeddable":true,"href":"https:\/\/petrikiene.com\/lt\/wp-json\/wp\/v2\/comments?post=3471"}],"version-history":[{"count":95,"href":"https:\/\/petrikiene.com\/lt\/wp-json\/wp\/v2\/pages\/3471\/revisions"}],"predecessor-version":[{"id":4996,"href":"https:\/\/petrikiene.com\/lt\/wp-json\/wp\/v2\/pages\/3471\/revisions\/4996"}],"wp:attachment":[{"href":"https:\/\/petrikiene.com\/lt\/wp-json\/wp\/v2\/media?parent=3471"}],"curies":[{"name":"wp","href":"https:\/\/api.w.org\/{rel}","templated":true}]}}