{"id":4873,"date":"2025-04-04T09:20:41","date_gmt":"2025-04-04T09:20:41","guid":{"rendered":"https:\/\/petrikiene.com\/?page_id=4873"},"modified":"2025-04-04T09:34:58","modified_gmt":"2025-04-04T09:34:58","slug":"naudingos-nuorodos","status":"publish","type":"page","link":"https:\/\/petrikiene.com\/lt\/naudingos-nuorodos\/","title":{"rendered":"Naudingos nuorodos"},"content":{"rendered":"<p><div class=\"fusion-fullwidth fullwidth-box fusion-builder-row-1 fusion-flex-container has-pattern-background has-mask-background hundred-percent-fullwidth non-hundred-percent-height-scrolling\" style=\"--awb-border-radius-top-left:0px;--awb-border-radius-top-right:0px;--awb-border-radius-bottom-right:0px;--awb-border-radius-bottom-left:0px;--awb-padding-top:30px;--awb-padding-right:80px;--awb-padding-left:131px;--awb-padding-left-small:24px;--awb-margin-top:0px;--awb-margin-bottom:60px;--awb-margin-bottom-small:0px;--awb-flex-wrap:wrap;\" ><div class=\"fusion-builder-row fusion-row fusion-flex-align-items-flex-start fusion-flex-content-wrap\" style=\"width:104% !important;max-width:104% !important;margin-left: calc(-4% \/ 2 );margin-right: calc(-4% \/ 2 );\"><div class=\"fusion-layout-column fusion_builder_column fusion-builder-column-0 fusion_builder_column_1_1 1_1 fusion-flex-column fusion-flex-align-self-center\" style=\"--awb-bg-size:cover;--awb-width-large:100%;--awb-margin-top-large:0px;--awb-spacing-right-large:0%;--awb-margin-bottom-large:0px;--awb-spacing-left-large:0%;--awb-width-medium:100%;--awb-order-medium:0;--awb-spacing-right-medium:0%;--awb-spacing-left-medium:0%;--awb-width-small:100%;--awb-order-small:0;--awb-spacing-right-small:1.92%;--awb-spacing-left-small:1.92%;\" data-scroll-devices=\"small-visibility,medium-visibility,large-visibility\"><div class=\"fusion-column-wrapper fusion-column-has-shadow fusion-flex-justify-content-flex-start fusion-content-layout-row fusion-flex-align-items-center\"><div class=\"fusion-image-element \" style=\"text-align:center;--awb-margin-top:12px;--awb-max-width:89px;--awb-caption-title-font-family:var(--h2_typography-font-family);--awb-caption-title-font-weight:var(--h2_typography-font-weight);--awb-caption-title-font-style:var(--h2_typography-font-style);--awb-caption-title-size:var(--h2_typography-font-size);--awb-caption-title-transform:var(--h2_typography-text-transform);--awb-caption-title-line-height:var(--h2_typography-line-height);--awb-caption-title-letter-spacing:var(--h2_typography-letter-spacing);\"><span class=\" fusion-imageframe imageframe-none imageframe-1 hover-type-none\"><img decoding=\"async\" width=\"218\" height=\"2\" src=\"https:\/\/petrikiene.com\/wp-content\/uploads\/2024\/05\/Line-18.png\" data-orig-src=\"https:\/\/petrikiene.com\/wp-content\/uploads\/2024\/05\/Line-18.png\" alt class=\"lazyload img-responsive wp-image-3677\" srcset=\"data:image\/svg+xml,%3Csvg%20xmlns%3D%27http%3A%2F%2Fwww.w3.org%2F2000%2Fsvg%27%20width%3D%27218%27%20height%3D%272%27%20viewBox%3D%270%200%20218%202%27%3E%3Crect%20width%3D%27218%27%20height%3D%272%27%20fill-opacity%3D%220%22%2F%3E%3C%2Fsvg%3E\" data-srcset=\"https:\/\/petrikiene.com\/wp-content\/uploads\/2024\/05\/Line-18-200x2.png 200w, https:\/\/petrikiene.com\/wp-content\/uploads\/2024\/05\/Line-18.png 218w\" data-sizes=\"auto\" data-orig-sizes=\"(max-width: 850px) 100vw, 218px\" \/><\/span><\/div><div ><a class=\"fusion-button button-flat button-large button-custom fusion-button-default button-1 fusion-button-span-no fusion-button-default-type\" style=\"--button_accent_color:var(--awb-color3);--button_accent_hover_color:#809785;--button_border_hover_color:var(--awb-color1);--button_gradient_top_color:var(--awb-color1);--button_gradient_bottom_color:var(--awb-color1);--button_gradient_top_color_hover:var(--awb-color1);--button_gradient_bottom_color_hover:var(--awb-color1);\" target=\"_self\"><span class=\"fusion-button-text awb-button__text awb-button__text--default\">Naudingos nuorodos<\/span><\/a><\/div><\/div><\/div><\/div><\/div>\n<div class=\"fusion-fullwidth fullwidth-box fusion-builder-row-2 fusion-flex-container has-pattern-background has-mask-background hundred-percent-fullwidth non-hundred-percent-height-scrolling\" style=\"--awb-border-radius-top-left:0px;--awb-border-radius-top-right:0px;--awb-border-radius-bottom-right:0px;--awb-border-radius-bottom-left:0px;--awb-padding-right-small:0px;--awb-padding-left-small:0px;--awb-margin-bottom:114px;--awb-flex-wrap:wrap;\" ><div class=\"fusion-builder-row fusion-row fusion-flex-align-items-flex-start fusion-flex-content-wrap\" style=\"width:104% !important;max-width:104% !important;margin-left: calc(-4% \/ 2 );margin-right: calc(-4% \/ 2 );\"><div class=\"fusion-layout-column fusion_builder_column fusion-builder-column-1 fusion_builder_column_1_1 1_1 fusion-flex-column\" style=\"--awb-padding-right:183px;--awb-padding-left:105px;--awb-padding-right-small:20px;--awb-padding-left-small:20px;--awb-bg-size:cover;--awb-width-large:100%;--awb-margin-top-large:0px;--awb-spacing-right-large:1.92%;--awb-margin-bottom-large:0px;--awb-spacing-left-large:1.92%;--awb-width-medium:100%;--awb-order-medium:0;--awb-spacing-right-medium:1.92%;--awb-spacing-left-medium:1.92%;--awb-width-small:100%;--awb-order-small:0;--awb-spacing-right-small:1.92%;--awb-spacing-left-small:1.92%;\"><div class=\"fusion-column-wrapper fusion-column-has-shadow fusion-flex-justify-content-flex-start fusion-content-layout-column\"><div class=\"fusion-title title fusion-title-1 fusion-sep-none fusion-title-text fusion-title-size-four\" style=\"--awb-margin-bottom:50px;--awb-font-size:20px;\"><h4 class=\"fusion-title-heading title-heading-left fusion-responsive-typography-calculated\" style=\"margin:0;font-size:1em;text-transform:none;--fontSize:20;--minFontSize:20;line-height:1.4;\">Nemokamos psichologin\u0117s pagalbos galimyb\u0117s bei kita aktuali informacija:<\/h4><\/div><div class=\"fusion-text fusion-text-1\" style=\"--awb-font-size:17px;\"><p><a href=\"http:\/\/www.pagalbasau.lt\" target=\"_blank\" rel=\"noopener\">www.pagalbasau.lt<\/a><\/p>\n<p>Apibendrinta informacija ir \u012fvairios pagalbos galimyb\u0117s emocin\u0117s sveikatos link<\/p>\n<p><a href=\"http:\/\/www.tuesi.lt\" target=\"_blank\" rel=\"noopener\">www.tuesi.lt<\/a><\/p>\n<p>Apibendrinta informacija esantiems savi\u017eudyb\u0117s kriz\u0117je<\/p>\n<p><a href=\"http:\/\/www.tevulinija.lt\" target=\"_blank\" rel=\"noopener\">www.tevulinija.lt<\/a><\/p>\n<p>Psicholog\u0173 konsultacijos telefonu suaugusiems, kurie r\u016bpinasi vaikais (mamoms, t\u0117\u010diams, \u012ft\u0117viams, glob\u0117jams, seneliams)<\/p>\n<p><a href=\"http:\/\/www.pagalbosmoterimslinija.lt\" target=\"_blank\" rel=\"noopener\">www.pagalbosmoterimslinija.lt<\/a><\/p>\n<p>Emocin\u0117 pagalba moterims, i\u0161gyvenan\u010dioms sunkumus. Vis\u0105 par\u0105!<\/p>\n<p><a href=\"http:\/\/www.ankstukai.lt\" target=\"_blank\" rel=\"noopener\">www.ankstukai.lt<\/a><\/p>\n<p>Parama ir pagalba \u0161eimoms, susilaukusioms k\u016bdikio anks\u010diau planuoto gimimo laiko. Vis\u0105 par\u0105!<\/p>\n<p><a href=\"http:\/\/www.padeduaugti.lt\" target=\"_blank\" rel=\"noopener\">www.padeduaugti.lt<\/a><\/p>\n<p>Paramos ir pagalbos linija \u0161eimoms, susilaukusioms k\u016bdikio anks\u010diau planuoto gimimo laiko<\/p>\n<p><a href=\"http:\/\/www.kudikionetektis.lt\" target=\"_blank\" rel=\"noopener\">www.kudikionetektis.lt<\/a><\/p>\n<p>Apibendrinta informacija \u0161eimoms, netekusioms k\u016bdikio<\/p>\n<p><a href=\"http:\/\/www.angelumamos.lt\" target=\"_blank\" rel=\"noopener\">www.angelumamos.lt<\/a><\/p>\n<p>Palaikymo bendruomen\u0117 n\u0117\u0161tum\u0105 patyrusiai ir k\u016bdikio netekt\u012f i\u0161gyvenan\u010diai mamai<\/p>\n<p><a href=\"http:\/\/www.jaunimolinija.lt\/\" target=\"_blank\" rel=\"noopener\">www.jaunimolinija.lt<\/a><br \/>Nemokama emocin\u0117 parama telefonu ir lai\u0161kais<\/p>\n<p><a href=\"http:\/\/www.vaikulinija.lt\/\" target=\"_blank\" rel=\"noopener\">www.vaikulinija.lt<\/a><br \/>Pagalbos tarnyba vaikams ir paaugliams<\/p>\n<p><a href=\"http:\/\/www.pvc.lt\/\" target=\"_blank\" rel=\"noopener\">www.pvc.lt<\/a><br \/>Paramos vaikams centras, kurio misija &#8211; u\u017etikrinti vaik\u0173 psichin\u0119 gerov\u0119, teikiant profesionali\u0105 efektyvi\u0105 kompleksin\u0119 pagalb\u0105 vaikams ir \u0161eimoms<\/p>\n<p><a href=\"https:\/\/www.spcentras.lt\/pagalba-seimai\/\" target=\"_blank\" rel=\"noopener\">https:\/\/www.spcentras.lt\/pagalba-seimai\/<\/a><\/p>\n<p>Pagalba \u0161eimai bei asmenims patiriantiems socialin\u0119 rizik\u0105<\/p>\n<p><a href=\"https:\/\/www.rplc.lt\/\" target=\"_blank\" rel=\"noopener\">https:\/\/www.rplc.lt\/<\/a><\/p>\n<p>Visapusi\u0161ka pagalba su priklausomybe susid\u016brusiems asmenims<\/p>\n<p><a href=\"https:\/\/vpnamai.lt\/valgymo-sutrikimu-linija\/\" target=\"_blank\" rel=\"noopener\">https:\/\/vpnamai.lt\/valgymo-sutrikimu-linija\/<\/a><\/p>\n<p>Nemokama psichologin\u0117 pagalba valgymo sutrikim\u0173 turintiems asmenims<\/p>\n<p><a href=\"https:\/\/ligoniukasa.lrv.lt\/lt\/naujienos\/ligoniu-kasos-primena-kur-kreiptis-nemokamos-pagalbos-del-psichikos-sveikatos\/\" target=\"_blank\" rel=\"noopener\">https:\/\/ligoniukasa.lrv.lt\/lt\/naujienos\/ligoniu-kasos-primena-kur-kreiptis-nemokamos-pagalbos-del-psichikos-sveikatos\/<\/a><\/p>\n<p>Kur kreiptis, ie\u0161kant nemokamos pagalbos esant psichikos sveikatos i\u0161\u0161\u016bki\u0173<\/p>\n<p><a href=\"https:\/\/www.hi.lt\/uploads\/Products\/product_380\/kas_atsitiko_tavo_tevams.pdf\" target=\"_blank\" rel=\"noopener\">https:\/\/www.hi.lt\/uploads\/Products\/product_380\/kas_atsitiko_tavo_tevams.pdf<\/a><\/p>\n<p>Informacija vaikams ir jaunuoliams, kuri\u0173 t\u0117vai turi psichikos sveikatos problem\u0173<\/p>\n<p><a href=\"https:\/\/tja.lt\/wp-content\/uploads\/2011\/04\/tekstai_musu-dukterys-ir-sunus_internetui.pdf\" target=\"_blank\" rel=\"noopener\">https:\/\/tja.lt\/wp-content\/uploads\/2011\/04\/tekstai_musu-dukterys-ir-sunus_internetui.pdf<\/a><\/p>\n<p>Klausimai bei atsakymai homoseksuali\u0173 ir biseksuali\u0173 vaik\u0173 t\u0117vams, Knyga \u201eM\u016bs\u0173 dukterys ir s\u016bn\u016bs\u201c<\/p>\n<p><a href=\"https:\/\/ivairovesnamai.lt\/wp-content\/uploads\/2024\/08\/ee25f9_444c812f18504e2195acea846d20ced9.pdf\" target=\"_blank\" rel=\"noopener\">https:\/\/ivairovesnamai.lt\/wp-content\/uploads\/2024\/08\/ee25f9_444c812f18504e2195acea846d20ced9.pdf<\/a><\/p>\n<p>39 atsakymai \u012f 39 paaugli\u0173 klausimus<\/p>\n<\/div><\/div><\/div><\/div><\/div><\/p>\n","protected":false},"excerpt":{"rendered":"","protected":false},"author":1,"featured_media":0,"parent":0,"menu_order":0,"comment_status":"closed","ping_status":"closed","template":"100-width.php","meta":{"_acf_changed":false,"footnotes":""},"class_list":["post-4873","page","type-page","status-publish","hentry"],"acf":[],"yoast_head":"<!-- This site is optimized with the Yoast SEO plugin v25.5 - https:\/\/yoast.com\/wordpress\/plugins\/seo\/ -->\n<title>Naudingos nuorodos - Psicholog\u0117 hipnoterapeut\u0117 Vilma Petrikien\u0117<\/title>\n<meta name=\"robots\" content=\"index, follow, max-snippet:-1, max-image-preview:large, max-video-preview:-1\" \/>\n<link rel=\"canonical\" href=\"https:\/\/petrikiene.com\/lt\/naudingos-nuorodos\/\" \/>\n<meta property=\"og:locale\" content=\"lt_LT\" \/>\n<meta property=\"og:type\" content=\"article\" \/>\n<meta property=\"og:title\" content=\"Naudingos nuorodos - Psicholog\u0117 hipnoterapeut\u0117 Vilma Petrikien\u0117\" \/>\n<meta property=\"og:url\" content=\"https:\/\/petrikiene.com\/lt\/naudingos-nuorodos\/\" \/>\n<meta property=\"og:site_name\" content=\"Psicholog\u0117 hipnoterapeut\u0117 Vilma Petrikien\u0117\" \/>\n<meta property=\"article:modified_time\" content=\"2025-04-04T09:34:58+00:00\" \/>\n<meta name=\"twitter:card\" content=\"summary_large_image\" \/>\n<meta name=\"twitter:label1\" content=\"Est. reading time\" \/>\n\t<meta name=\"twitter:data1\" content=\"4 minut\u0117s\" \/>\n<script type=\"application\/ld+json\" class=\"yoast-schema-graph\">{\"@context\":\"https:\/\/schema.org\",\"@graph\":[{\"@type\":\"WebPage\",\"@id\":\"https:\/\/petrikiene.com\/naudingos-nuorodos\/\",\"url\":\"https:\/\/petrikiene.com\/naudingos-nuorodos\/\",\"name\":\"Naudingos nuorodos - Psicholog\u0117 hipnoterapeut\u0117 Vilma Petrikien\u0117\",\"isPartOf\":{\"@id\":\"https:\/\/petrikiene.com\/#website\"},\"datePublished\":\"2025-04-04T09:20:41+00:00\",\"dateModified\":\"2025-04-04T09:34:58+00:00\",\"breadcrumb\":{\"@id\":\"https:\/\/petrikiene.com\/naudingos-nuorodos\/#breadcrumb\"},\"inLanguage\":\"lt-LT\",\"potentialAction\":[{\"@type\":\"ReadAction\",\"target\":[\"https:\/\/petrikiene.com\/naudingos-nuorodos\/\"]}]},{\"@type\":\"BreadcrumbList\",\"@id\":\"https:\/\/petrikiene.com\/naudingos-nuorodos\/#breadcrumb\",\"itemListElement\":[{\"@type\":\"ListItem\",\"position\":1,\"name\":\"Home\",\"item\":\"https:\/\/petrikiene.com\/lt\/\"},{\"@type\":\"ListItem\",\"position\":2,\"name\":\"Naudingos nuorodos\"}]},{\"@type\":\"WebSite\",\"@id\":\"https:\/\/petrikiene.com\/#website\",\"url\":\"https:\/\/petrikiene.com\/\",\"name\":\"Psicholog\u0117 hipnoterapeut\u0117 Vilma Petrikien\u0117\",\"description\":\"\",\"potentialAction\":[{\"@type\":\"SearchAction\",\"target\":{\"@type\":\"EntryPoint\",\"urlTemplate\":\"https:\/\/petrikiene.com\/?s={search_term_string}\"},\"query-input\":{\"@type\":\"PropertyValueSpecification\",\"valueRequired\":true,\"valueName\":\"search_term_string\"}}],\"inLanguage\":\"lt-LT\"}]}<\/script>\n<!-- \/ Yoast SEO plugin. -->","yoast_head_json":{"title":"Naudingos nuorodos - Psicholog\u0117 hipnoterapeut\u0117 Vilma Petrikien\u0117","robots":{"index":"index","follow":"follow","max-snippet":"max-snippet:-1","max-image-preview":"max-image-preview:large","max-video-preview":"max-video-preview:-1"},"canonical":"https:\/\/petrikiene.com\/lt\/naudingos-nuorodos\/","og_locale":"lt_LT","og_type":"article","og_title":"Naudingos nuorodos - Psicholog\u0117 hipnoterapeut\u0117 Vilma Petrikien\u0117","og_url":"https:\/\/petrikiene.com\/lt\/naudingos-nuorodos\/","og_site_name":"Psicholog\u0117 hipnoterapeut\u0117 Vilma Petrikien\u0117","article_modified_time":"2025-04-04T09:34:58+00:00","twitter_card":"summary_large_image","twitter_misc":{"Est. reading time":"4 minut\u0117s"},"schema":{"@context":"https:\/\/schema.org","@graph":[{"@type":"WebPage","@id":"https:\/\/petrikiene.com\/naudingos-nuorodos\/","url":"https:\/\/petrikiene.com\/naudingos-nuorodos\/","name":"Naudingos nuorodos - Psicholog\u0117 hipnoterapeut\u0117 Vilma Petrikien\u0117","isPartOf":{"@id":"https:\/\/petrikiene.com\/#website"},"datePublished":"2025-04-04T09:20:41+00:00","dateModified":"2025-04-04T09:34:58+00:00","breadcrumb":{"@id":"https:\/\/petrikiene.com\/naudingos-nuorodos\/#breadcrumb"},"inLanguage":"lt-LT","potentialAction":[{"@type":"ReadAction","target":["https:\/\/petrikiene.com\/naudingos-nuorodos\/"]}]},{"@type":"BreadcrumbList","@id":"https:\/\/petrikiene.com\/naudingos-nuorodos\/#breadcrumb","itemListElement":[{"@type":"ListItem","position":1,"name":"Home","item":"https:\/\/petrikiene.com\/lt\/"},{"@type":"ListItem","position":2,"name":"Naudingos nuorodos"}]},{"@type":"WebSite","@id":"https:\/\/petrikiene.com\/#website","url":"https:\/\/petrikiene.com\/","name":"Psicholog\u0117 hipnoterapeut\u0117 Vilma Petrikien\u0117","description":"","potentialAction":[{"@type":"SearchAction","target":{"@type":"EntryPoint","urlTemplate":"https:\/\/petrikiene.com\/?s={search_term_string}"},"query-input":{"@type":"PropertyValueSpecification","valueRequired":true,"valueName":"search_term_string"}}],"inLanguage":"lt-LT"}]}},"_links":{"self":[{"href":"https:\/\/petrikiene.com\/lt\/wp-json\/wp\/v2\/pages\/4873","targetHints":{"allow":["GET"]}}],"collection":[{"href":"https:\/\/petrikiene.com\/lt\/wp-json\/wp\/v2\/pages"}],"about":[{"href":"https:\/\/petrikiene.com\/lt\/wp-json\/wp\/v2\/types\/page"}],"author":[{"embeddable":true,"href":"https:\/\/petrikiene.com\/lt\/wp-json\/wp\/v2\/users\/1"}],"replies":[{"embeddable":true,"href":"https:\/\/petrikiene.com\/lt\/wp-json\/wp\/v2\/comments?post=4873"}],"version-history":[{"count":4,"href":"https:\/\/petrikiene.com\/lt\/wp-json\/wp\/v2\/pages\/4873\/revisions"}],"predecessor-version":[{"id":4881,"href":"https:\/\/petrikiene.com\/lt\/wp-json\/wp\/v2\/pages\/4873\/revisions\/4881"}],"wp:attachment":[{"href":"https:\/\/petrikiene.com\/lt\/wp-json\/wp\/v2\/media?parent=4873"}],"curies":[{"name":"wp","href":"https:\/\/api.w.org\/{rel}","templated":true}]}}